{"id":261066,"date":"2025-10-24T22:42:26","date_gmt":"2025-10-24T20:42:26","guid":{"rendered":"https:\/\/coachlab.hu\/?page_id=261066"},"modified":"2025-11-02T19:48:12","modified_gmt":"2025-11-02T18:48:12","slug":"rob-rado-robert-a-top-15-coach-kozott-az-id-listajan","status":"publish","type":"page","link":"https:\/\/coachlab.hu\/en\/rob-rado-robert-among-the-top-15-coaches-on-the-id-list\/","title":{"rendered":"TOP 15 Coach 2025 Budapest"},"content":{"rendered":"\n[et_pb_section fb_built=&#8221;1&#8243; admin_label=&#8221;Header&#8221; _builder_version=&#8221;4.27.4&#8243; _module_preset=&#8221;default&#8221; background_image=&#8221;https:\/\/CoachLab.hu\/wp-content\/uploads\/Coach-Rado-Robert-TOP-15-Coach-2025-Budapest-Influence-Digest_v3-.webp&#8221; parallax=&#8221;on&#8221; custom_padding=&#8221;6vw||6vw||true|false&#8221; collapsed=&#8221;on&#8221; global_colors_info=&#8221;{}&#8221;][et_pb_row column_structure=&#8221;1_4,3_4&#8243; custom_padding_last_edited=&#8221;on|tablet&#8221; _builder_version=&#8221;4.27.4&#8243; _module_preset=&#8221;default&#8221; background_color=&#8221;rgba(255,255,255,0.8)&#8221; custom_padding=&#8221;60px|60px|60px|60px|true|true&#8221; custom_padding_tablet=&#8221;30px|30px|30px|30px|true|true&#8221; custom_padding_phone=&#8221;20px|20px|20px|20px|true|true&#8221; box_shadow_style=&#8221;preset4&#8243; box_shadow_horizontal=&#8221;0px&#8221; box_shadow_blur=&#8221;60px&#8221; box_shadow_spread=&#8221;-10px&#8221; box_shadow_color=&#8221;rgba(0,0,0,0.15)&#8221; global_colors_info=&#8221;{}&#8221;][et_pb_column type=&#8221;1_4&#8243; _builder_version=&#8221;4.22.0&#8243; _module_preset=&#8221;default&#8221; global_colors_info=&#8221;{}&#8221;][et_pb_image src=&#8221;https:\/\/CoachLab.hu\/wp-content\/uploads\/Rado-Robert2023_1.jpg&#8221; alt=&#8221;Coachunk Rob, Rad\u00f3 R\u00f3bert a TOP 15 Coach k\u00f6z\u00f6tt 2025-ben!&#8221; title_text=&#8221;Rado Robert2023_1&#8243; align=&#8221;center&#8221; _builder_version=&#8221;4.27.4&#8243; _module_preset=&#8221;default&#8221; max_width=&#8221;400px&#8221; max_height=&#8221;400px&#8221; custom_margin=&#8221;|||-8vw|false|false&#8221; border_radii=&#8221;on|500px|500px|500px|500px&#8221; border_width_all=&#8221;14px&#8221; border_color_all=&#8221;RGBA(255,255,255,0)&#8221; box_shadow_style=&#8221;preset4&#8243; box_shadow_horizontal=&#8221;0px&#8221; box_shadow_vertical=&#8221;0px&#8221; box_shadow_spread=&#8221;2px&#8221; box_shadow_color=&#8221;#A8C864&#8243; locked=&#8221;off&#8221; global_colors_info=&#8221;{}&#8221;][\/et_pb_image][\/et_pb_column][et_pb_column type=&#8221;3_4&#8243; _builder_version=&#8221;4.22.0&#8243; _module_preset=&#8221;default&#8221; global_colors_info=&#8221;{}&#8221;][et_pb_text _builder_version=&#8221;4.27.4&#8243; _module_preset=&#8221;_initial&#8221; header_font=&#8221;Rufina|700|||||||&#8221; header_font_size=&#8221;60px&#8221; header_line_height=&#8221;1.2em&#8221; custom_margin=&#8221;||10px||false|false&#8221; header_font_size_tablet=&#8221;40px&#8221; header_font_size_phone=&#8221;24px&#8221; header_font_size_last_edited=&#8221;on|desktop&#8221; locked=&#8221;off&#8221; global_colors_info=&#8221;{}&#8221;]<h1>Top 15 Coach 2025<span style=\"color: #000000;\"><a href=\"https:\/\/influencedigest.com\/coaching\/top-coaches-budapest-2025\/\" target=\"_blank\" rel=\"noopener\" title=\"Influence Digest Link - Coach Rob in TOP 15 Coaches in Budapest in 2025\" style=\"color: #000000;\"><\/a><\/span><\/h1>[\/et_pb_text][et_pb_text _builder_version=&#8221;4.27.4&#8243; _module_preset=&#8221;default&#8221; header_font=&#8221;|700|||||||&#8221; header_2_font=&#8221;|900||on|||||&#8221; header_2_font_size=&#8221;1.2rem&#8221; global_colors_info=&#8221;{}&#8221;]<h2>&#8222;TOP 15 Coaches in Budapest in 2025&#8221;<\/h2>\n<p style=\"text-align: right;\">Influence Digest+ Media<\/p>[\/et_pb_text][et_pb_text _builder_version=&#8221;4.27.4&#8243; _module_preset=&#8221;_initial&#8221; text_font=&#8221;Inter||||||||&#8221; text_font_size=&#8221;20px&#8221; text_line_height=&#8221;1.8em&#8221; header_2_text_color=&#8221;#0B3A20&#8243; header_2_letter_spacing=&#8221;1px&#8221; header_2_line_height=&#8221;1.3em&#8221; text_font_size_tablet=&#8221;16px&#8221; text_font_size_phone=&#8221;14px&#8221; text_font_size_last_edited=&#8221;on|desktop&#8221; global_colors_info=&#8221;{}&#8221;]<h2><span>2025 \u00e9vben a\u00a0 TOP 15 COACH k\u00f6z\u00e9 v\u00e1lasztotta coachunkat a nemzetk\u00f6zi Influence Digest!<\/span><\/h2>[\/et_pb_text][et_pb_text _builder_version=&#8221;4.27.4&#8243; _module_preset=&#8221;_initial&#8221; header_2_font=&#8221;Sacramento|700|||||||&#8221; header_2_font_size=&#8221;42px&#8221; header_2_font_size_tablet=&#8221;&#8221; header_2_font_size_phone=&#8221;32px&#8221; header_2_font_size_last_edited=&#8221;on|desktop&#8221; locked=&#8221;off&#8221; global_colors_info=&#8221;{}&#8221;]<h2>Coach Rad\u00f3 R\u00f3bert &#8211; Coach Rob<\/h2>[\/et_pb_text][et_pb_button button_url=&#8221;#kapcsolat&#8221; button_text=&#8221;L\u00e9pj kapcsolatba vele&#8221; _builder_version=&#8221;4.27.4&#8243; _module_preset=&#8221;_initial&#8221; custom_button=&#8221;on&#8221; button_text_size=&#8221;14px&#8221; button_text_color=&#8221;#000000&#8243; button_bg_color=&#8221;#a8c864&#8243; button_border_width=&#8221;0px&#8221; button_border_radius=&#8221;0px&#8221; button_font=&#8221;Inter|700|||||||&#8221; custom_padding=&#8221;16px|40px|16px|40px|true|true&#8221; global_colors_info=&#8221;{}&#8221;][\/et_pb_button][\/et_pb_column][\/et_pb_row][\/et_pb_section][et_pb_section fb_built=&#8221;1&#8243; admin_label=&#8221;Features&#8221; _builder_version=&#8221;4.22.0&#8243; _module_preset=&#8221;default&#8221; locked=&#8221;off&#8221; collapsed=&#8221;on&#8221; global_colors_info=&#8221;{}&#8221;][et_pb_row custom_padding_last_edited=&#8221;on|phone&#8221; _builder_version=&#8221;4.27.4&#8243; _module_preset=&#8221;default&#8221; background_color=&#8221;#FFFFFF&#8221; max_width=&#8221;700px&#8221; custom_margin=&#8221;||5vh||false|false&#8221; custom_padding=&#8221;10vh||||false|false&#8221; custom_padding_tablet=&#8221;10vh||||false|false&#8221; custom_padding_phone=&#8221;10vh||||false|false&#8221; global_colors_info=&#8221;{}&#8221;][et_pb_column type=&#8221;4_4&#8243; _builder_version=&#8221;4.22.0&#8243; _module_preset=&#8221;default&#8221; global_colors_info=&#8221;{}&#8221;][et_pb_text _builder_version=&#8221;4.27.4&#8243; _module_preset=&#8221;_initial&#8221; header_2_font=&#8221;Rufina|700|||||||&#8221; header_2_font_size=&#8221;44px&#8221; text_orientation=&#8221;center&#8221; header_2_font_size_tablet=&#8221;32px&#8221; header_2_font_size_phone=&#8221;20px&#8221; header_2_font_size_last_edited=&#8221;on|desktop&#8221; global_colors_info=&#8221;{}&#8221;]<h2>Rad\u00f3 R\u00f3bert a<\/h2>\n<h2>TOP 15 Coach k\u00f6z\u00f6tt!<\/h2>[\/et_pb_text][\/et_pb_column][\/et_pb_row][et_pb_row column_structure=&#8221;1_2,1_2&#8243; _builder_version=&#8221;4.27.4&#8243; _module_preset=&#8221;default&#8221; global_colors_info=&#8221;{}&#8221;][et_pb_column type=&#8221;1_2&#8243; _builder_version=&#8221;4.22.0&#8243; _module_preset=&#8221;default&#8221; global_colors_info=&#8221;{}&#8221;][et_pb_image src=&#8221;https:\/\/CoachLab.hu\/wp-content\/uploads\/Coach-Rado-Robert-TOP-15-Coach-2025-Budapest-Influence-Digest_v3-.webp&#8221; alt=&#8221;Coach Rad\u00f3 R\u00f3bert TOP 15 Coach 2025 Budapest Top 15 Coaches In Budapest In 2025&#8243; title_text=&#8221;Coach Rad\u00f3 R\u00f3bert TOP 15 Coach 2025 Budapest Influence Digest_v3&#8243; _builder_version=&#8221;4.27.4&#8243; _module_preset=&#8221;default&#8221; global_colors_info=&#8221;{}&#8221;][\/et_pb_image][et_pb_cta title=&#8221;Coach Rob &#8211; Rad\u00f3 R\u00f3bert&#8221; button_url=&#8221;#kapcsolat&#8221; button_text=&#8221;\u00dczenj itt&#8221; _builder_version=&#8221;4.27.4&#8243; _module_preset=&#8221;default&#8221; header_font=&#8221;|700|||||||&#8221; header_text_color=&#8221;gcid-d13dd47d-c04f-4aec-b591-ba88ac7e1568&#8243; header_font_size=&#8221;32px&#8221; header_line_height=&#8221;1.4em&#8221; body_font=&#8221;||||||||&#8221; body_text_color=&#8221;gcid-c6bf7a23-856a-4cb2-9140-f8fe92a7e2b1&#8243; body_font_size=&#8221;16px&#8221; body_line_height=&#8221;1.8em&#8221; background_color=&#8221;RGBA(255,255,255,0)&#8221; custom_button=&#8221;on&#8221; button_text_size=&#8221;14px&#8221; button_text_color=&#8221;gcid-95530a2b-5e91-45c7-8ffb-59bb0a37f154&#8243; button_bg_color=&#8221;RGBA(255,255,255,0)&#8221; button_border_width=&#8221;0px&#8221; button_border_radius=&#8221;0px&#8221; button_font=&#8221;Inter|700|||||||&#8221; button_custom_padding=&#8221;|0px||0px|false|true&#8221; text_orientation=&#8221;left&#8221; background_layout=&#8221;light&#8221; custom_margin=&#8221;||60px||false|false&#8221; custom_margin_tablet=&#8221;||30px||false|false&#8221; custom_margin_phone=&#8221;||30px||false|false&#8221; custom_margin_last_edited=&#8221;on|tablet&#8221; custom_padding=&#8221;30px|30px|30px|30px|true|true&#8221; custom_padding_tablet=&#8221;30px|30px|30px|30px|true|true&#8221; custom_padding_phone=&#8221;20px|20px|20px|20px|true|true&#8221; custom_padding_last_edited=&#8221;on|phone&#8221; header_font_size_tablet=&#8221;20px&#8221; header_font_size_phone=&#8221;16px&#8221; header_font_size_last_edited=&#8221;on|desktop&#8221; body_font_size_tablet=&#8221;15px&#8221; body_font_size_phone=&#8221;14px&#8221; body_font_size_last_edited=&#8221;on|desktop&#8221; border_width_all=&#8221;2px&#8221; border_color_all=&#8221;gcid-95530a2b-5e91-45c7-8ffb-59bb0a37f154&#8243; locked=&#8221;off&#8221; global_colors_info=&#8221;{%22gcid-95530a2b-5e91-45c7-8ffb-59bb0a37f154%22:%91%22button_text_color%22,%22border_color_all%22,%22button_text_color%22,%22border_color_all%22,%22button_text_color%22,%22border_color_all%22,%22button_text_color%22,%22border_color_all%22%93,%22gcid-d13dd47d-c04f-4aec-b591-ba88ac7e1568%22:%91%22header_text_color%22,%22header_text_color%22,%22header_text_color%22,%22header_text_color%22%93,%22gcid-c6bf7a23-856a-4cb2-9140-f8fe92a7e2b1%22:%91%22body_text_color%22,%22body_text_color%22,%22body_text_color%22,%22body_text_color%22%93}&#8221;]<p>Senior Business Executive Coach<\/p>[\/et_pb_cta][\/et_pb_column][et_pb_column type=&#8221;1_2&#8243; _builder_version=&#8221;4.22.0&#8243; _module_preset=&#8221;default&#8221; global_colors_info=&#8221;{}&#8221;][et_pb_cta title=&#8221;Rad\u00f3 R\u00f3bert&#8221; button_url=&#8221;#kapcsolat&#8221; button_text=&#8221;Besz\u00e9lj\u00fcnk&#8221; _builder_version=&#8221;4.27.4&#8243; _module_preset=&#8221;default&#8221; header_font=&#8221;|700|||||||&#8221; header_text_color=&#8221;gcid-d13dd47d-c04f-4aec-b591-ba88ac7e1568&#8243; header_font_size=&#8221;32px&#8221; header_line_height=&#8221;1.4em&#8221; body_font=&#8221;||||||||&#8221; body_text_align=&#8221;left&#8221; body_text_color=&#8221;gcid-c6bf7a23-856a-4cb2-9140-f8fe92a7e2b1&#8243; body_font_size=&#8221;16px&#8221; body_line_height=&#8221;1.8em&#8221; background_color=&#8221;RGBA(255,255,255,0)&#8221; custom_button=&#8221;on&#8221; button_text_size=&#8221;14px&#8221; button_text_color=&#8221;gcid-95530a2b-5e91-45c7-8ffb-59bb0a37f154&#8243; button_bg_color=&#8221;RGBA(255,255,255,0)&#8221; button_border_width=&#8221;0px&#8221; button_border_radius=&#8221;0px&#8221; button_font=&#8221;Inter|700|||||||&#8221; button_custom_padding=&#8221;|0px||0px|false|true&#8221; text_orientation=&#8221;left&#8221; background_layout=&#8221;light&#8221; custom_margin=&#8221;||60px||false|false&#8221; custom_margin_tablet=&#8221;||30px||false|false&#8221; custom_margin_phone=&#8221;||30px||false|false&#8221; custom_margin_last_edited=&#8221;on|tablet&#8221; custom_padding=&#8221;30px|30px|30px|30px|true|true&#8221; custom_padding_tablet=&#8221;30px|30px|30px|30px|true|true&#8221; custom_padding_phone=&#8221;20px|20px|20px|20px|true|true&#8221; custom_padding_last_edited=&#8221;on|phone&#8221; header_font_size_tablet=&#8221;20px&#8221; header_font_size_phone=&#8221;16px&#8221; header_font_size_last_edited=&#8221;on|desktop&#8221; body_font_size_tablet=&#8221;15px&#8221; body_font_size_phone=&#8221;14px&#8221; body_font_size_last_edited=&#8221;on|desktop&#8221; border_width_all=&#8221;2px&#8221; border_color_all=&#8221;gcid-95530a2b-5e91-45c7-8ffb-59bb0a37f154&#8243; global_colors_info=&#8221;{%22gcid-95530a2b-5e91-45c7-8ffb-59bb0a37f154%22:%91%22button_text_color%22,%22border_color_all%22%93,%22gcid-d13dd47d-c04f-4aec-b591-ba88ac7e1568%22:%91%22header_text_color%22%93,%22gcid-c6bf7a23-856a-4cb2-9140-f8fe92a7e2b1%22:%91%22body_text_color%22%93}&#8221;]<p>Robert t\u00f6bb mint 20 \u00e9ves fels\u0151vezet\u0151i tapasztalatot \u00f6tv\u00f6z az informatika \u00e9s a t\u00e1vk\u00f6zl\u00e9s ter\u00fclet\u00e9n az emberek \u00e9s szervezetek fejleszt\u00e9se ir\u00e1nti szenved\u00e9ly\u00e9vel. Megk\u00f6zel\u00edt\u00e9se lehet\u0151v\u00e9 tette a csapatok \u00e9s v\u00e1llalatok sz\u00e1m\u00e1ra, hogy ambici\u00f3zus c\u00e9ljaikat t\u00falteljes\u00edts\u00e9k, eredm\u00e9nyeiket \u00e1talak\u00edts\u00e1k \u00e9s tehets\u00e9g\u00fcket fejlessz\u00e9k mind helyi, mind multinacion\u00e1lis k\u00f6rnyezetben.<\/p>\n<p>Mint egyetemi okleveles executive coach \u00e9s a <a href=\"https:\/\/coachlab.hu\/\" target=\"_blank\" rel=\"noopener\" title=\"CoachLab F\u0151oldala\">CoachLab<\/a> igazgat\u00f3ja, Rob vezet\u0151kkel, menedzserekkel dolgozik egy\u00fctt a folyamatok optimaliz\u00e1l\u00e1sa, a strat\u00e9giai kih\u00edv\u00e1sok kezel\u00e9se \u00e9s csapataik teljes\u00edtm\u00e9ny\u00e9nek kiv\u00e9teles szintre emel\u00e9se \u00e9rdek\u00e9ben. Szak\u00e9rtelme kiterjed a vezet\u00e9sfejleszt\u00e9sre, \u00e9rt\u00e9kes\u00edt\u00e9sre \u00e9s marketingre, a fejlett technol\u00f3gi\u00e1k pl. AI bevezet\u00e9s\u00e9re \u00e9s az adatk\u00f6zpont\u00fa strat\u00e9gi\u00e1kra.<\/p>\n<p>Azok, akik t\u00f6bbet szeretn\u00e9nek megtudni arr\u00f3l, hogyan seg\u00edti Rob a vezet\u0151ket \u00e9s szervezeteket, megtekinthetik LinkedIn-profilj\u00e1t (\/robertrado), vagy szem\u00e9lyes Coach weboldal\u00e1t a <a href=\"https:\/\/coachbp.hu\/\" target=\"_blank\" rel=\"noopener\" title=\"CoachBP.hu Weboldala\">CoachBP.hu<\/a>-t ahol bemutatja alkalmazott coaching \u00e9s vezet\u00e9si megk\u00f6zel\u00edt\u00e9s\u00e9t.<\/p>\n<p style=\"text-align: right;\">Forr\u00e1s: Influence Digest+ Media 2025 okt\u00f3ber 9.<\/p>[\/et_pb_cta][et_pb_image src=&#8221;https:\/\/CoachLab.hu\/wp-content\/uploads\/Rado-Robert2023_1.jpg&#8221; alt=&#8221;Coachunk Rob, Rad\u00f3 R\u00f3bert a TOP 15 Coach k\u00f6z\u00f6tt 2025-ben!&#8221; title_text=&#8221;Rado Robert2023_1&#8243; _builder_version=&#8221;4.27.4&#8243; _module_preset=&#8221;default&#8221; custom_margin=&#8221;||60px||false|false&#8221; custom_margin_tablet=&#8221;||30px||false|false&#8221; custom_margin_phone=&#8221;||30px||false|false&#8221; custom_margin_last_edited=&#8221;on|tablet&#8221; locked=&#8221;off&#8221; global_colors_info=&#8221;{%22gcid-95530a2b-5e91-45c7-8ffb-59bb0a37f154%22:%91%22button_text_color%22,%22border_color_all%22%93,%22gcid-d13dd47d-c04f-4aec-b591-ba88ac7e1568%22:%91%22header_text_color%22%93,%22gcid-c6bf7a23-856a-4cb2-9140-f8fe92a7e2b1%22:%91%22body_text_color%22%93}&#8221;][\/et_pb_image][\/et_pb_column][\/et_pb_row][et_pb_row column_structure=&#8221;1_2,1_2&#8243; _builder_version=&#8221;4.27.4&#8243; _module_preset=&#8221;default&#8221; global_colors_info=&#8221;{}&#8221;][et_pb_column type=&#8221;1_2&#8243; _builder_version=&#8221;4.22.0&#8243; _module_preset=&#8221;default&#8221; global_colors_info=&#8221;{}&#8221;][et_pb_cta title=&#8221;Coach Robert Rado&#8221; button_url=&#8221;#kapcsolat&#8221; button_text=&#8221;Let&#8217;s Talk&#8221; _builder_version=&#8221;4.27.4&#8243; _module_preset=&#8221;default&#8221; header_font=&#8221;|700|||||||&#8221; header_text_color=&#8221;gcid-d13dd47d-c04f-4aec-b591-ba88ac7e1568&#8243; header_font_size=&#8221;32px&#8221; header_line_height=&#8221;1.4em&#8221; body_font=&#8221;||||||||&#8221; body_text_color=&#8221;gcid-c6bf7a23-856a-4cb2-9140-f8fe92a7e2b1&#8243; body_font_size=&#8221;16px&#8221; body_line_height=&#8221;1.8em&#8221; background_color=&#8221;RGBA(255,255,255,0)&#8221; custom_button=&#8221;on&#8221; button_text_size=&#8221;14px&#8221; button_text_color=&#8221;gcid-95530a2b-5e91-45c7-8ffb-59bb0a37f154&#8243; button_bg_color=&#8221;RGBA(255,255,255,0)&#8221; button_border_width=&#8221;0px&#8221; button_border_radius=&#8221;0px&#8221; button_font=&#8221;Inter|700|||||||&#8221; button_custom_padding=&#8221;|0px||0px|false|true&#8221; text_orientation=&#8221;left&#8221; background_layout=&#8221;light&#8221; custom_margin=&#8221;||60px||false|false&#8221; custom_margin_tablet=&#8221;||30px||false|false&#8221; custom_margin_phone=&#8221;||30px||false|false&#8221; custom_margin_last_edited=&#8221;on|tablet&#8221; custom_padding=&#8221;30px|30px|30px|30px|true|true&#8221; custom_padding_tablet=&#8221;30px|30px|30px|30px|true|true&#8221; custom_padding_phone=&#8221;20px|20px|20px|20px|true|true&#8221; custom_padding_last_edited=&#8221;on|phone&#8221; header_font_size_tablet=&#8221;20px&#8221; header_font_size_phone=&#8221;16px&#8221; header_font_size_last_edited=&#8221;on|desktop&#8221; body_font_size_tablet=&#8221;15px&#8221; body_font_size_phone=&#8221;14px&#8221; body_font_size_last_edited=&#8221;on|desktop&#8221; border_width_all=&#8221;2px&#8221; border_color_all=&#8221;gcid-95530a2b-5e91-45c7-8ffb-59bb0a37f154&#8243; global_colors_info=&#8221;{%22gcid-95530a2b-5e91-45c7-8ffb-59bb0a37f154%22:%91%22button_text_color%22,%22border_color_all%22%93,%22gcid-d13dd47d-c04f-4aec-b591-ba88ac7e1568%22:%91%22header_text_color%22%93,%22gcid-c6bf7a23-856a-4cb2-9140-f8fe92a7e2b1%22:%91%22body_text_color%22%93}&#8221;]<p>Robert combines over 20 years of leadership experience in IT and telecommunications with his passion for developing people and organizations. His approach has enabled teams and companies to exceed ambitious goals, transform results, and enhance talent in both local and multinational environments.<\/p>\n<p>As a certified executive coach and director of <a href=\"https:\/\/coachlab.hu\/en\/\" target=\"_blank\" rel=\"noopener\" title=\"CoachLab home page\">CoachLab<\/a>, Robert works with leaders and managers to optimize processes, address strategic challenges, and elevate their teams to exceptional levels of performance. His expertise spans sales and marketing, advanced technology implementation, and data-driven strategies.<\/p>\n<p>Those interested in learning more about how Robert empowers leaders and organizations can<span>\u00a0<\/span><span>visit his LinkedIn profile (\/robertrado)<\/span><span> or his personal coaching website <a href=\"https:\/\/coachbp.hu\/en\/\" target=\"_blank\" rel=\"noopener\" title=\"CoachBP Website\">CoachBP<\/a> <\/span>to explore his applied coaching and leadership approach.<\/p>\n<p style=\"text-align: right;\">Source: Influence Digest+ Media &#8211; October 9, 2025<\/p>[\/et_pb_cta][et_pb_image src=&#8221;https:\/\/CoachLab.hu\/wp-content\/uploads\/Rado-Robert2023_1.jpg&#8221; alt=&#8221;Coachunk Rob, Rad\u00f3 R\u00f3bert a TOP 15 Coach k\u00f6z\u00f6tt 2025-ben!&#8221; title_text=&#8221;Rado Robert2023_1&#8243; _builder_version=&#8221;4.27.4&#8243; _module_preset=&#8221;default&#8221; custom_margin=&#8221;||60px||false|false&#8221; custom_margin_tablet=&#8221;||30px||false|false&#8221; custom_margin_phone=&#8221;||30px||false|false&#8221; custom_margin_last_edited=&#8221;on|tablet&#8221; locked=&#8221;off&#8221; global_colors_info=&#8221;{%22gcid-95530a2b-5e91-45c7-8ffb-59bb0a37f154%22:%91%22button_text_color%22,%22border_color_all%22%93,%22gcid-d13dd47d-c04f-4aec-b591-ba88ac7e1568%22:%91%22header_text_color%22%93,%22gcid-c6bf7a23-856a-4cb2-9140-f8fe92a7e2b1%22:%91%22body_text_color%22%93}&#8221;][\/et_pb_image][\/et_pb_column][et_pb_column type=&#8221;1_2&#8243; _builder_version=&#8221;4.22.0&#8243; _module_preset=&#8221;default&#8221; global_colors_info=&#8221;{}&#8221;][et_pb_image src=&#8221;https:\/\/CoachLab.hu\/wp-content\/uploads\/Coach-Rado-Robert-TOP-15-Coach-2025-Budapest-Influence-Digest_v3-.webp&#8221; alt=&#8221;Coach Rad\u00f3 R\u00f3bert TOP 15 Coach 2025 Budapest Top 15 Coaches In Budapest In 2025&#8243; title_text=&#8221;Coach Rad\u00f3 R\u00f3bert TOP 15 Coach 2025 Budapest Influence Digest_v3&#8243; _builder_version=&#8221;4.27.4&#8243; _module_preset=&#8221;default&#8221; global_colors_info=&#8221;{}&#8221;][\/et_pb_image][et_pb_cta title=&#8221;Coach Rob &#8211; Robert Rado&#8221; button_url=&#8221;#kapcsolat&#8221; button_text=&#8221;Send Message Here&#8221; _builder_version=&#8221;4.27.4&#8243; _module_preset=&#8221;default&#8221; header_font=&#8221;Rufina|700|||||||&#8221; header_text_color=&#8221;gcid-d13dd47d-c04f-4aec-b591-ba88ac7e1568&#8243; header_font_size=&#8221;32px&#8221; header_line_height=&#8221;1.4em&#8221; body_font=&#8221;Inter||||||||&#8221; body_text_color=&#8221;gcid-c6bf7a23-856a-4cb2-9140-f8fe92a7e2b1&#8243; body_font_size=&#8221;16px&#8221; body_line_height=&#8221;1.8em&#8221; background_color=&#8221;RGBA(255,255,255,0)&#8221; custom_button=&#8221;on&#8221; button_text_size=&#8221;14px&#8221; button_text_color=&#8221;gcid-95530a2b-5e91-45c7-8ffb-59bb0a37f154&#8243; button_bg_color=&#8221;RGBA(255,255,255,0)&#8221; button_border_width=&#8221;0px&#8221; button_border_radius=&#8221;0px&#8221; button_font=&#8221;Inter|700|||||||&#8221; button_custom_padding=&#8221;|0px||0px|false|true&#8221; text_orientation=&#8221;left&#8221; background_layout=&#8221;light&#8221; custom_margin=&#8221;||60px||false|false&#8221; custom_margin_tablet=&#8221;||30px||false|false&#8221; custom_margin_phone=&#8221;||30px||false|false&#8221; custom_margin_last_edited=&#8221;on|tablet&#8221; custom_padding=&#8221;30px|30px|30px|30px|true|true&#8221; custom_padding_tablet=&#8221;30px|30px|30px|30px|true|true&#8221; custom_padding_phone=&#8221;20px|20px|20px|20px|true|true&#8221; custom_padding_last_edited=&#8221;on|phone&#8221; header_font_size_tablet=&#8221;20px&#8221; header_font_size_phone=&#8221;16px&#8221; header_font_size_last_edited=&#8221;on|desktop&#8221; body_font_size_tablet=&#8221;15px&#8221; body_font_size_phone=&#8221;14px&#8221; body_font_size_last_edited=&#8221;on|desktop&#8221; border_width_all=&#8221;2px&#8221; border_color_all=&#8221;gcid-95530a2b-5e91-45c7-8ffb-59bb0a37f154&#8243; locked=&#8221;off&#8221; global_colors_info=&#8221;{%22gcid-95530a2b-5e91-45c7-8ffb-59bb0a37f154%22:%91%22button_text_color%22,%22border_color_all%22,%22button_text_color%22,%22border_color_all%22,%22button_text_color%22,%22border_color_all%22,%22button_text_color%22,%22border_color_all%22%93,%22gcid-d13dd47d-c04f-4aec-b591-ba88ac7e1568%22:%91%22header_text_color%22,%22header_text_color%22,%22header_text_color%22,%22header_text_color%22%93,%22gcid-c6bf7a23-856a-4cb2-9140-f8fe92a7e2b1%22:%91%22body_text_color%22,%22body_text_color%22,%22body_text_color%22,%22body_text_color%22%93}&#8221;]<p>Senior Business Executive Coach<\/p>[\/et_pb_cta][\/et_pb_column][\/et_pb_row][\/et_pb_section]\n<span class=\"et_bloom_bottom_trigger\"><\/span>","protected":false},"excerpt":{"rendered":"<p>Top 15 Coach 2025&#8243;TOP 15 Coaches in Budapest in 2025&#8243; Influence Digest+ Media2025 \u00e9vben a\u00a0 TOP 15 COACH k\u00f6z\u00e9 v\u00e1lasztotta coachunkat a nemzetk\u00f6zi Influence Digest!Coach Rad\u00f3 R\u00f3bert &#8211; Coach RobRad\u00f3 R\u00f3bert a TOP 15 Coach k\u00f6z\u00f6tt!Senior Business Executive CoachRobert t\u00f6bb mint 20 \u00e9ves fels\u0151vezet\u0151i tapasztalatot \u00f6tv\u00f6z az informatika \u00e9s a t\u00e1vk\u00f6zl\u00e9s ter\u00fclet\u00e9n az emberek \u00e9s [&hellip;]<\/p>\n","protected":false},"author":3,"featured_media":261332,"parent":0,"menu_order":0,"comment_status":"closed","ping_status":"closed","template":"","meta":{"_et_pb_use_builder":"on","_et_pb_old_content":"","_et_gb_content_width":"","footnotes":""},"class_list":["post-261066","page","type-page","status-publish","has-post-thumbnail","hentry"],"_links":{"self":[{"href":"https:\/\/coachlab.hu\/en\/wp-json\/wp\/v2\/pages\/261066","targetHints":{"allow":["GET"]}}],"collection":[{"href":"https:\/\/coachlab.hu\/en\/wp-json\/wp\/v2\/pages"}],"about":[{"href":"https:\/\/coachlab.hu\/en\/wp-json\/wp\/v2\/types\/page"}],"author":[{"embeddable":true,"href":"https:\/\/coachlab.hu\/en\/wp-json\/wp\/v2\/users\/3"}],"replies":[{"embeddable":true,"href":"https:\/\/coachlab.hu\/en\/wp-json\/wp\/v2\/comments?post=261066"}],"version-history":[{"count":8,"href":"https:\/\/coachlab.hu\/en\/wp-json\/wp\/v2\/pages\/261066\/revisions"}],"predecessor-version":[{"id":261424,"href":"https:\/\/coachlab.hu\/en\/wp-json\/wp\/v2\/pages\/261066\/revisions\/261424"}],"wp:featuredmedia":[{"embeddable":true,"href":"https:\/\/coachlab.hu\/en\/wp-json\/wp\/v2\/media\/261332"}],"wp:attachment":[{"href":"https:\/\/coachlab.hu\/en\/wp-json\/wp\/v2\/media?parent=261066"}],"curies":[{"name":"wp","href":"https:\/\/api.w.org\/{rel}","templated":true}]}}