{"id":260319,"date":"2025-07-25T09:31:04","date_gmt":"2025-07-25T07:31:04","guid":{"rendered":"https:\/\/coachlab.hu\/?page_id=260319"},"modified":"2025-07-25T09:33:50","modified_gmt":"2025-07-25T07:33:50","slug":"impresszum","status":"publish","type":"page","link":"https:\/\/coachlab.hu\/en\/masthead\/","title":{"rendered":"masthead"},"content":{"rendered":"<p><\/p>\n\n\n\n<h2 class=\"wp-block-heading\"><a href=\"https:\/\/coachlab.hu\/en\/masthead\/\">masthead<\/a><\/h2>\n\n\n\n<p><strong>Name of service provider:<br><\/strong>Rad\u00f3-Bajzak Melinda E.V.<\/p>\n\n\n\n<p><strong>Seat:<br><\/strong>1114 Budapest, Bucharest utca 13.<\/p>\n\n\n\n<p><strong>E-mail:<br><\/strong>radobajzak@gmail.com<br>radobajzak@coachlab.hu<\/p>\n\n\n\n<p><strong>Website<\/strong>:<br>https:\/\/coachlab.hu<\/p>\n\n\n\n<p><strong>Shared space provider:<br><\/strong>CWEB Ltd.<br>Office: 9024 Gy\u0151r, R\u00e9pce utca 24.<br>Website: https:\/\/cweb.hu<\/p>\n\n\n\n<p><strong>Editor-in-Chief:<br><\/strong>R\u00f3bert Rad\u00f3<br>R\u00f3bert Rad\u00f3 is the author of most of the articles published on the CoachLab.hu website and the editor-in-chief of the professional content.<\/p>\n\n\n\n<p><strong>Brand rights clause - Brand protection:<\/strong><br>The name \"CoachLab\" is a registered trademark in Hungary and is the property of R\u00f3bert Rad\u00f3. Any unauthorized use of the trademark may result in legal consequences.<\/p>\n<span class=\"et_bloom_bottom_trigger\"><\/span>","protected":false},"excerpt":{"rendered":"<p>Impresszum Szolg\u00e1ltat\u00f3 neve:Rad\u00f3-Bajzak Melinda E.V. Sz\u00e9khely:1114 Budapest, Bukarest utca 13. E-mail:radobajzak@gmail.comradobajzak@coachlab.hu Weboldal:https:\/\/coachlab.hu T\u00e1rhelyszolg\u00e1ltat\u00f3:CWEB Kft.Sz\u00e9khely: 9024 Gy\u0151r, R\u00e9pce utca 24.Weboldal: https:\/\/cweb.hu F\u0151szerkeszt\u0151:Rad\u00f3 R\u00f3bertRad\u00f3 R\u00f3bert a CoachLab.hu weboldalon megjelent cikkek jelent\u0151s r\u00e9sz\u00e9nek szerz\u0151je, valamint a szakmai tartalom f\u0151szerkeszt\u0151je. M\u00e1rkajogi z\u00e1rad\u00e9k &#8211; M\u00e1rkav\u00e9delem:A \u201eCoachLab\u201d n\u00e9v Magyarorsz\u00e1gon bejegyzett v\u00e9djegy, amely Rad\u00f3 R\u00f3bert tulajdon\u00e1t k\u00e9pezi. A m\u00e1rkan\u00e9v b\u00e1rmilyen enged\u00e9ly n\u00e9lk\u00fcli [&hellip;]<\/p>\n","protected":false},"author":1,"featured_media":0,"parent":0,"menu_order":0,"comment_status":"closed","ping_status":"closed","template":"","meta":{"_et_pb_use_builder":"off","_et_pb_old_content":"","_et_gb_content_width":"1080","footnotes":""},"class_list":["post-260319","page","type-page","status-publish","hentry"],"_links":{"self":[{"href":"https:\/\/coachlab.hu\/en\/wp-json\/wp\/v2\/pages\/260319","targetHints":{"allow":["GET"]}}],"collection":[{"href":"https:\/\/coachlab.hu\/en\/wp-json\/wp\/v2\/pages"}],"about":[{"href":"https:\/\/coachlab.hu\/en\/wp-json\/wp\/v2\/types\/page"}],"author":[{"embeddable":true,"href":"https:\/\/coachlab.hu\/en\/wp-json\/wp\/v2\/users\/1"}],"replies":[{"embeddable":true,"href":"https:\/\/coachlab.hu\/en\/wp-json\/wp\/v2\/comments?post=260319"}],"version-history":[{"count":3,"href":"https:\/\/coachlab.hu\/en\/wp-json\/wp\/v2\/pages\/260319\/revisions"}],"predecessor-version":[{"id":260324,"href":"https:\/\/coachlab.hu\/en\/wp-json\/wp\/v2\/pages\/260319\/revisions\/260324"}],"wp:attachment":[{"href":"https:\/\/coachlab.hu\/en\/wp-json\/wp\/v2\/media?parent=260319"}],"curies":[{"name":"wp","href":"https:\/\/api.w.org\/{rel}","templated":true}]}}