{"id":260313,"date":"2025-07-25T09:22:59","date_gmt":"2025-07-25T07:22:59","guid":{"rendered":"https:\/\/coachlab.hu\/?page_id=260313"},"modified":"2025-07-25T09:45:44","modified_gmt":"2025-07-25T07:45:44","slug":"felhasznalasi-feltetelek-coachlab","status":"publish","type":"page","link":"https:\/\/coachlab.hu\/en\/utilisation-of-the-terms-and-conditions-coachlab\/","title":{"rendered":"Terms of Use, Conditions of Use"},"content":{"rendered":"<h2 class=\"wp-block-heading\"><a href=\"https:\/\/coachlab.hu\/en\/utilisation-of-the-terms-and-conditions-coachlab\/\">Terms of use<\/a><\/h2>\n\n\n\n<p><strong>By visiting the CoachLab.hu website you agree to the following terms and conditions:<\/strong><\/p>\n\n\n\n<ol class=\"wp-block-list\">\n<li><strong>Content ownership and copyright protection<br><\/strong>All content on the CoachLab.hu website, including texts, articles, images, graphics, logos and other materials, is copyrighted and is the property of R\u00f3bert Rad\u00f3 and Melinda Rad\u00f3-Bajzak.<\/li>\n<\/ol>\n\n\n\n<p>Any copying, reprinting, adaptation or partial use of the articles and textual content of this website is subject to prior written permission.<\/p>\n\n\n\n<p><strong>Unauthorised copying, reproduction or any form of misuse constitutes copyright infringement and may result in legal action.<\/strong><\/p>\n\n\n\n<ol start=\"2\" class=\"wp-block-list\">\n<li><strong>Trademark registration<br><\/strong>The CoachLab name and logo are registered trademarks in Hungary and are the exclusive property of R\u00f3bert Rad\u00f3.<br>Any use by a third party without the trademark owner's permission constitutes an infringement.<\/li>\n<\/ol>\n\n\n\n<p><strong>The name \"CoachLab\" is a registered trademark in Hungary and is the property of R\u00f3bert Rad\u00f3. Any unauthorized use of the trademark may result in legal consequences.<\/strong><\/p>\n\n\n\n<ol start=\"3\" class=\"wp-block-list\">\n<li><strong>Nature of services<br><\/strong>The coaching, mentoring, counselling and training services offered on the CoachLab.hu website do not constitute medical or psychotherapeutic activities.<\/li>\n\n\n\n<li><strong>Exclusion of liability<br><\/strong>The information provided on this website is for information purposes only. The operator shall not be liable for any direct or indirect damage resulting from its use.<\/li>\n\n\n\n<li><strong>Change page<br><\/strong>The service provider reserves the right to modify, temporarily or permanently discontinue the content and operation of the website at any time.<\/li>\n<\/ol>\n\n\n\n<div style=\"height:20px\" aria-hidden=\"true\" class=\"wp-block-spacer\"><\/div>\n\n\n\n<p><strong>The detailed privacy notice is available at. <a href=\"https:\/\/coachlab.hu\/en\/data-management\/\">Privacy policy<\/a>, for information on using the cookies, please visit <a href=\"https:\/\/coachlab.hu\/en\/data-management\/\">Cookie policy<\/a> in the document.<\/strong><\/p>\n\n\n\n<p><strong>Applicable law:<\/strong> These terms and conditions shall be governed by Hungarian law.<\/p>\n\n\n\n<p><strong>Jurisdiction:<\/strong> The Hungarian courts are competent to settle any disputes.<\/p>\n\n\n\n<p><strong>Effective date:<\/strong> These terms and conditions are effective from 25 July 2025.<\/p>\n\n\n\n<p><strong>Right to amend:<\/strong> Users will be notified of changes via the website.<\/p>\n\n\n\n<p><strong>Right of withdrawal:<\/strong> Consumers have the right of withdrawal under the applicable legislation.<\/p>\n\n\n\n<div style=\"height:100px\" aria-hidden=\"true\" class=\"wp-block-spacer\"><\/div>\n<span class=\"et_bloom_bottom_trigger\"><\/span>","protected":false},"excerpt":{"rendered":"<p>Felhaszn\u00e1l\u00e1si felt\u00e9telek A CoachLab.hu weboldal l\u00e1togat\u00e1s\u00e1val \u00d6n elfogadja az al\u00e1bbi felt\u00e9teleket: A weboldalon megjelent cikkek \u00e9s sz\u00f6veges tartalmak m\u00e1sol\u00e1sa, \u00fajrak\u00f6zl\u00e9se, \u00e1tdolgoz\u00e1sa vagy r\u00e9szbeni felhaszn\u00e1l\u00e1sa kiz\u00e1r\u00f3lag el\u0151zetes, \u00edr\u00e1sos enged\u00e9llyel t\u00f6rt\u00e9nhet. A jogosulatlan m\u00e1sol\u00e1s, tartalom\u00e1tv\u00e9tel vagy b\u00e1rminem\u0171 vissza\u00e9l\u00e9s szerz\u0151i jogs\u00e9rt\u00e9snek min\u0151s\u00fcl, amely jogi l\u00e9p\u00e9seket vonhat maga ut\u00e1n. A \u201eCoachLab\u201d n\u00e9v Magyarorsz\u00e1gon bejegyzett v\u00e9djegy, amely Rad\u00f3 R\u00f3bert tulajdon\u00e1t [&hellip;]<\/p>\n","protected":false},"author":526,"featured_media":0,"parent":0,"menu_order":0,"comment_status":"closed","ping_status":"closed","template":"","meta":{"_et_pb_use_builder":"off","_et_pb_old_content":"","_et_gb_content_width":"1080","footnotes":""},"class_list":["post-260313","page","type-page","status-publish","hentry"],"_links":{"self":[{"href":"https:\/\/coachlab.hu\/en\/wp-json\/wp\/v2\/pages\/260313","targetHints":{"allow":["GET"]}}],"collection":[{"href":"https:\/\/coachlab.hu\/en\/wp-json\/wp\/v2\/pages"}],"about":[{"href":"https:\/\/coachlab.hu\/en\/wp-json\/wp\/v2\/types\/page"}],"author":[{"embeddable":true,"href":"https:\/\/coachlab.hu\/en\/wp-json\/wp\/v2\/users\/526"}],"replies":[{"embeddable":true,"href":"https:\/\/coachlab.hu\/en\/wp-json\/wp\/v2\/comments?post=260313"}],"version-history":[{"count":7,"href":"https:\/\/coachlab.hu\/en\/wp-json\/wp\/v2\/pages\/260313\/revisions"}],"predecessor-version":[{"id":260330,"href":"https:\/\/coachlab.hu\/en\/wp-json\/wp\/v2\/pages\/260313\/revisions\/260330"}],"wp:attachment":[{"href":"https:\/\/coachlab.hu\/en\/wp-json\/wp\/v2\/media?parent=260313"}],"curies":[{"name":"wp","href":"https:\/\/api.w.org\/{rel}","templated":true}]}}