{"id":260313,"date":"2025-07-25T09:22:59","date_gmt":"2025-07-25T07:22:59","guid":{"rendered":"https:\/\/coachlab.hu\/?page_id=260313"},"modified":"2025-07-25T09:45:44","modified_gmt":"2025-07-25T07:45:44","slug":"felhasznalasi-feltetelek-coachlab","status":"publish","type":"page","link":"https:\/\/coachlab.hu\/de\/nutzung-der-allgemeinen-geschaftsbedingungen-coachlab\/","title":{"rendered":"Nutzungsbestimmungen, Nutzungsbedingungen"},"content":{"rendered":"<h2 class=\"wp-block-heading\"><a href=\"https:\/\/coachlab.hu\/de\/nutzung-der-allgemeinen-geschaftsbedingungen-coachlab\/\">Bedingungen f\u00fcr die Nutzung<\/a><\/h2>\n\n\n\n<p><strong>Mit dem Besuch der Website CoachLab.hu erkl\u00e4ren Sie sich mit den folgenden Bedingungen einverstanden:<\/strong><\/p>\n\n\n\n<ol class=\"wp-block-list\">\n<li><strong>Eigentum an Inhalten und Urheberrechtsschutz<br><\/strong>Der gesamte Inhalt der CoachLab.hu Website, einschlie\u00dflich der Texte, Artikel, Bilder, Grafiken, Logos und anderer Materialien, ist urheberrechtlich gesch\u00fctzt und Eigentum von R\u00f3bert Rad\u00f3 und Melinda Rad\u00f3-Bajzak.<\/li>\n<\/ol>\n\n\n\n<p>Die Vervielf\u00e4ltigung, der Nachdruck, die Bearbeitung oder die auszugsweise Verwendung der Artikel und der textlichen Inhalte dieser Website bed\u00fcrfen der vorherigen schriftlichen Genehmigung.<\/p>\n\n\n\n<p><strong>Unerlaubtes Kopieren, Vervielf\u00e4ltigen oder jegliche Form des Missbrauchs stellt eine Verletzung des Urheberrechts dar und kann rechtliche Schritte nach sich ziehen.<\/strong><\/p>\n\n\n\n<ol start=\"2\" class=\"wp-block-list\">\n<li><strong>Registrierung von Markenzeichen<br><\/strong>Der Name und das Logo von CoachLab sind in Ungarn eingetragene Warenzeichen und sind das exklusive Eigentum von R\u00f3bert Rad\u00f3.<br>Jede Verwendung durch einen Dritten ohne die Genehmigung des Markeninhabers stellt eine Verletzung dar.<\/li>\n<\/ol>\n\n\n\n<p><strong>Der Name \"CoachLab\" ist ein in Ungarn eingetragenes Warenzeichen und Eigentum von R\u00f3bert Rad\u00f3, dessen unberechtigte Verwendung rechtliche Konsequenzen nach sich ziehen kann.<\/strong><\/p>\n\n\n\n<ol start=\"3\" class=\"wp-block-list\">\n<li><strong>Art der Dienstleistungen<br><\/strong>Die auf der Website CoachLab.hu angebotenen Coaching-, Mentoring-, Beratungs- und Trainingsleistungen stellen keine medizinischen oder psychotherapeutischen T\u00e4tigkeiten dar.<\/li>\n\n\n\n<li><strong>Ausschluss der Haftung<br><\/strong>Der Betreiber haftet nicht f\u00fcr direkte oder indirekte Sch\u00e4den, die sich aus der Nutzung der auf dieser Website bereitgestellten Informationen ergeben.<\/li>\n\n\n\n<li><strong>Seite wechseln<br><\/strong>Der Diensteanbieter beh\u00e4lt sich das Recht vor, den Inhalt und den Betrieb der Website jederzeit zu \u00e4ndern, vor\u00fcbergehend oder endg\u00fcltig einzustellen.<\/li>\n<\/ol>\n\n\n\n<div style=\"height:20px\" aria-hidden=\"true\" class=\"wp-block-spacer\"><\/div>\n\n\n\n<p><strong>Die ausf\u00fchrliche Datenschutzerkl\u00e4rung ist abrufbar unter. <a href=\"https:\/\/coachlab.hu\/de\/datenverwaltung\/\">Datenschutzbestimmungen<\/a>F\u00fcr Informationen \u00fcber die Verwendung von Cookies besuchen Sie bitte <a href=\"https:\/\/coachlab.hu\/de\/datenverwaltung\/\">Cookie-Politik<\/a> in dem Dokument.<\/strong><\/p>\n\n\n\n<p><strong>Anwendbares Recht:<\/strong> Die vorliegenden Bedingungen unterliegen dem ungarischen Recht.<\/p>\n\n\n\n<p><strong>Zust\u00e4ndigkeit:<\/strong> F\u00fcr die Beilegung etwaiger Streitigkeiten sind die ungarischen Gerichte zust\u00e4ndig.<\/p>\n\n\n\n<p><strong>Datum des Inkrafttretens:<\/strong> Diese Bedingungen sind ab dem 25. Juli 2025 g\u00fcltig.<\/p>\n\n\n\n<p><strong>Recht auf \u00c4nderung:<\/strong> Die Nutzer werden \u00fcber die Website \u00fcber \u00c4nderungen informiert.<\/p>\n\n\n\n<p><strong>Recht auf Widerruf:<\/strong> Den Verbrauchern steht nach den geltenden Rechtsvorschriften ein Widerrufsrecht zu.<\/p>\n\n\n\n<div style=\"height:100px\" aria-hidden=\"true\" class=\"wp-block-spacer\"><\/div>\n<span class=\"et_bloom_bottom_trigger\"><\/span>","protected":false},"excerpt":{"rendered":"<p>Felhaszn\u00e1l\u00e1si felt\u00e9telek A CoachLab.hu weboldal l\u00e1togat\u00e1s\u00e1val \u00d6n elfogadja az al\u00e1bbi felt\u00e9teleket: A weboldalon megjelent cikkek \u00e9s sz\u00f6veges tartalmak m\u00e1sol\u00e1sa, \u00fajrak\u00f6zl\u00e9se, \u00e1tdolgoz\u00e1sa vagy r\u00e9szbeni felhaszn\u00e1l\u00e1sa kiz\u00e1r\u00f3lag el\u0151zetes, \u00edr\u00e1sos enged\u00e9llyel t\u00f6rt\u00e9nhet. A jogosulatlan m\u00e1sol\u00e1s, tartalom\u00e1tv\u00e9tel vagy b\u00e1rminem\u0171 vissza\u00e9l\u00e9s szerz\u0151i jogs\u00e9rt\u00e9snek min\u0151s\u00fcl, amely jogi l\u00e9p\u00e9seket vonhat maga ut\u00e1n. A \u201eCoachLab\u201d n\u00e9v Magyarorsz\u00e1gon bejegyzett v\u00e9djegy, amely Rad\u00f3 R\u00f3bert tulajdon\u00e1t [&hellip;]<\/p>\n","protected":false},"author":526,"featured_media":0,"parent":0,"menu_order":0,"comment_status":"closed","ping_status":"closed","template":"","meta":{"_et_pb_use_builder":"off","_et_pb_old_content":"","_et_gb_content_width":"1080","footnotes":""},"class_list":["post-260313","page","type-page","status-publish","hentry"],"_links":{"self":[{"href":"https:\/\/coachlab.hu\/de\/wp-json\/wp\/v2\/pages\/260313","targetHints":{"allow":["GET"]}}],"collection":[{"href":"https:\/\/coachlab.hu\/de\/wp-json\/wp\/v2\/pages"}],"about":[{"href":"https:\/\/coachlab.hu\/de\/wp-json\/wp\/v2\/types\/page"}],"author":[{"embeddable":true,"href":"https:\/\/coachlab.hu\/de\/wp-json\/wp\/v2\/users\/526"}],"replies":[{"embeddable":true,"href":"https:\/\/coachlab.hu\/de\/wp-json\/wp\/v2\/comments?post=260313"}],"version-history":[{"count":7,"href":"https:\/\/coachlab.hu\/de\/wp-json\/wp\/v2\/pages\/260313\/revisions"}],"predecessor-version":[{"id":260330,"href":"https:\/\/coachlab.hu\/de\/wp-json\/wp\/v2\/pages\/260313\/revisions\/260330"}],"wp:attachment":[{"href":"https:\/\/coachlab.hu\/de\/wp-json\/wp\/v2\/media?parent=260313"}],"curies":[{"name":"wp","href":"https:\/\/api.w.org\/{rel}","templated":true}]}}