{"id":257134,"date":"2025-02-03T20:14:00","date_gmt":"2025-02-03T19:14:00","guid":{"rendered":"https:\/\/coachlab.hu\/?page_id=257134"},"modified":"2025-04-11T19:27:02","modified_gmt":"2025-04-11T17:27:02","slug":"mi-a-life-coaching","status":"publish","type":"page","link":"https:\/\/coachlab.hu\/de\/was-ist-life-coaching-2\/","title":{"rendered":"Was ist Life Coaching?"},"content":{"rendered":"<p>[et_pb_section fb_built=&#8221;1&#8243; _builder_version=&#8221;4.27.4&#8243; _module_preset=&#8221;default&#8221; custom_margin=&#8221;||||false|false&#8221; hover_enabled=&#8221;0&#8243; global_colors_info=&#8221;{}&#8221; custom_padding=&#8221;5%||5%||false|false&#8221; sticky_enabled=&#8221;0&#8243;][et_pb_row column_structure=&#8221;1_3,2_3&#8243; _builder_version=&#8221;4.27.4&#8243; _module_preset=&#8221;default&#8221; global_colors_info=&#8221;{}&#8221;][et_pb_column type=&#8221;1_3&#8243; _builder_version=&#8221;4.27.4&#8243; _module_preset=&#8221;default&#8221; global_colors_info=&#8221;{}&#8221;][et_pb_image src=&#8221;https:\/\/CoachLab.hu\/wp-content\/uploads\/coffee-3792575_640.webp&#8221; alt=&#8221;Mi a life coaching?&#8221; title_text=&#8221;Mi a life coaching? coffee-3792575_640&#8243; align_tablet=&#8221;center&#8221; align_phone=&#8221;center&#8221; align_last_edited=&#8221;on|desktop&#8221; _builder_version=&#8221;4.27.4&#8243; _module_preset=&#8221;default&#8221; custom_margin=&#8221;5vh||||false|false&#8221; border_radii=&#8221;off|15px|15px|15px|15px&#8221; box_shadow_style=&#8221;preset2&#8243; global_colors_info=&#8221;{}&#8221;][\/et_pb_image][\/et_pb_column][et_pb_column type=&#8221;2_3&#8243; _builder_version=&#8221;4.27.4&#8243; _module_preset=&#8221;default&#8221; global_colors_info=&#8221;{}&#8221;][et_pb_text _builder_version=&#8221;4.27.4&#8243; _module_preset=&#8221;default&#8221; text_font=&#8221;|900|||||||&#8221; text_letter_spacing=&#8221;1px&#8221; text_line_height=&#8221;1.8em&#8221; header_2_font=&#8221;|800||on|||||&#8221; header_2_line_height=&#8221;2em&#8221; custom_margin=&#8221;3vh||10vh||false|false&#8221; global_colors_info=&#8221;{}&#8221;]<\/p>\n<h2>MI A LIFE COACHING?<\/h2>\n<p>&nbsp;<\/p>\n<p>Mi a life coaching? <a href=\"https:\/\/coachlab.hu\/life-coaching\/\">A life coaching<\/a>, magyarul \u00e9letvezet\u00e9si coaching, egy olyan seg\u00edt\u0151 folyamat, amely sor\u00e1n a coach, mint egy szem\u00e9lyi edz\u0151, t\u00e1mogatja a klienst (coachee-t) a c\u00e9ljai el\u00e9r\u00e9s\u00e9ben \u00e9s a probl\u00e9m\u00e1k megold\u00e1s\u00e1ban. Fontos megjegyezni, hogy a life coaching nem ugyanaz, mint az \u00e9letvezet\u00e9si tan\u00e1csad\u00e1s, hiszen a coach nem ad tan\u00e1csokat, hanem k\u00e9rd\u00e9sekkel \u00e9s technik\u00e1kkal seg\u00edti a klienst a saj\u00e1t megold\u00e1sai felfedez\u00e9s\u00e9ben.<\/p>\n<p>[\/et_pb_text][et_pb_button button_url=&#8221;#email&#8221; button_text=&#8221;Dolgozzunk egy\u00fctt!&#8221; _builder_version=&#8221;4.27.4&#8243; _module_preset=&#8221;default&#8221; global_colors_info=&#8221;{}&#8221;][\/et_pb_button][\/et_pb_column][\/et_pb_row][et_pb_row column_structure=&#8221;2_3,1_3&#8243; _builder_version=&#8221;4.27.4&#8243; _module_preset=&#8221;default&#8221; custom_margin=&#8221;10%||||false|false&#8221; global_colors_info=&#8221;{}&#8221;][et_pb_column type=&#8221;2_3&#8243; _builder_version=&#8221;4.27.4&#8243; _module_preset=&#8221;default&#8221; global_colors_info=&#8221;{}&#8221;][et_pb_text _builder_version=&#8221;4.27.4&#8243; _module_preset=&#8221;default&#8221; text_font=&#8221;|900|||||||&#8221; text_letter_spacing=&#8221;1px&#8221; text_line_height=&#8221;1.8em&#8221; header_2_font=&#8221;|800||on|||||&#8221; header_2_line_height=&#8221;2em&#8221; custom_margin=&#8221;3vh||10vh||false|false&#8221; global_colors_info=&#8221;{}&#8221;]<\/p>\n<h2>A Life Coach T\u00e1mogat az Utadon!<\/h2>\n<p>A life coaching sor\u00e1n a kliens nem egyed\u00fcl k\u00fczd meg a kih\u00edv\u00e1saival; egy tapasztalt szakember seg\u00edts\u00e9g\u00e9vel k\u00f6z\u00f6sen \u00e9rt\u00e9kelik a helyzetet \u00e9s dolgoznak ki egy strat\u00e9gi\u00e1t. A folyamat sikere nagyban f\u00fcgg a coachee elk\u00f6telez\u0151d\u00e9s\u00e9t\u0151l \u00e9s \u00f6nfegyelmeztet\u00e9s\u00e9t\u0151l. A coach c\u00e9lja, hogy seg\u00edtsen az \u00fcgyf\u00e9lnek jobban megismerni \u00f6nmag\u00e1t, aktiv\u00e1lni bels\u0151 er\u0151forr\u00e1sait, \u00e9s megtal\u00e1lni a megfelel\u0151 utat a fejl\u0151d\u00e9shez.<\/p>\n<p>[\/et_pb_text][et_pb_button button_url=&#8221;#email&#8221; button_text=&#8221;\u00cdrd meg miben seg\u00edts\u00fcnk!&#8221; _builder_version=&#8221;4.27.4&#8243; _module_preset=&#8221;default&#8221; global_colors_info=&#8221;{}&#8221;][\/et_pb_button][\/et_pb_column][et_pb_column type=&#8221;1_3&#8243; _builder_version=&#8221;4.27.4&#8243; _module_preset=&#8221;default&#8221; global_colors_info=&#8221;{}&#8221;][et_pb_image src=&#8221;https:\/\/CoachLab.hu\/wp-content\/uploads\/people-2568603_1280.webp&#8221; alt=&#8221;Mi a life coaching?&#8221; title_text=&#8221;Mi a life coaching? A Life Coach T\u00e1mogat az utadon!&#8221; _builder_version=&#8221;4.27.4&#8243; _module_preset=&#8221;default&#8221; custom_margin=&#8221;7vh||||false|false&#8221; border_radii=&#8221;off|15px|15px|15px|15px&#8221; box_shadow_style=&#8221;preset2&#8243; global_colors_info=&#8221;{}&#8221;][\/et_pb_image][\/et_pb_column][\/et_pb_row][et_pb_row column_structure=&#8221;1_2,1_2&#8243; _builder_version=&#8221;4.27.4&#8243; _module_preset=&#8221;default&#8221; custom_margin=&#8221;10%||||false|false&#8221; global_colors_info=&#8221;{}&#8221;][et_pb_column type=&#8221;1_2&#8243; _builder_version=&#8221;4.27.4&#8243; _module_preset=&#8221;default&#8221; global_colors_info=&#8221;{}&#8221;][et_pb_text _builder_version=&#8221;4.27.4&#8243; _module_preset=&#8221;default&#8221; text_font=&#8221;|900|||||||&#8221; global_colors_info=&#8221;{}&#8221;]<\/p>\n<h2 class=\"text-2xl font-bold mt-1 text-text-200\" level=\"1\">Kinek seg\u00edt a life coaching?<\/h2>\n<h3 class=\"text-xl font-bold text-text-200 mt-1 -mb-0.5\" level=\"2\"><\/h3>\n<p>&nbsp;<\/p>\n<h3 class=\"text-xl font-bold text-text-200 mt-1 -mb-0.5\" level=\"2\">Karrier \u00e9s szakmai fejl\u0151d\u00e9s<\/h3>\n<ul class=\"[&amp;:not(:last-child)_ul]:pb-1 [&amp;:not(:last-child)_ol]:pb-1 list-disc space-y-1.5 pl-7\" depth=\"0\">\n<li class=\"whitespace-normal break-words\" index=\"0\">Karrierv\u00e1lt\u00e1s vagy szakmai el\u0151rel\u00e9p\u00e9s el\u0151tt \u00e1ll\u00f3knak<\/li>\n<li class=\"whitespace-normal break-words\" index=\"1\">Vezet\u0151i szerepbe ker\u00fcl\u0151knek, akik fejleszten\u00e9k vezet\u0151i k\u00e9szs\u00e9geiket<\/li>\n<li class=\"whitespace-normal break-words\" index=\"2\">Teljes\u00edtm\u00e9ny\u00fcket \u00e9s hat\u00e9konys\u00e1gukat n\u00f6velni v\u00e1gy\u00f3knak<\/li>\n<li class=\"whitespace-normal break-words\" index=\"3\">Id\u0151gazd\u00e1lkod\u00e1si kih\u00edv\u00e1sokkal k\u00fczd\u0151knek<\/li>\n<\/ul>\n<h3 class=\"text-xl font-bold text-text-200 mt-1 -mb-0.5\" level=\"2\"><\/h3>\n<h3 class=\"text-xl font-bold text-text-200 mt-1 -mb-0.5\" level=\"2\">\u00d6nfejleszt\u00e9s \u00e9s \u00f6nbizalom<\/h3>\n<ul class=\"[&amp;:not(:last-child)_ul]:pb-1 [&amp;:not(:last-child)_ol]:pb-1 list-disc space-y-1.5 pl-7\" depth=\"0\">\n<li class=\"whitespace-normal break-words\" index=\"0\">Alacsony \u00f6n\u00e9rt\u00e9kel\u00e9ssel k\u00fczd\u0151knek, akik szeretn\u00e9k n\u00f6velni \u00f6nbizalmukat<\/li>\n<li class=\"whitespace-normal break-words\" index=\"1\">Perfekcionist\u00e1knak, akik eg\u00e9szs\u00e9gesebb hozz\u00e1\u00e1ll\u00e1st szeretn\u00e9nek kialak\u00edtani<\/li>\n<li class=\"whitespace-normal break-words\" index=\"2\">Rejtett k\u00e9pess\u00e9geiket, tehets\u00e9g\u00fcket felfedezni v\u00e1gy\u00f3knak<\/li>\n<li class=\"whitespace-normal break-words\" index=\"3\">Komfortz\u00f3n\u00e1b\u00f3l kil\u00e9pni sz\u00e1nd\u00e9koz\u00f3knak, akik t\u00e1mogat\u00e1st ig\u00e9nyelnek<\/li>\n<li class=\"whitespace-normal break-words\" index=\"4\">\u00c9rzelmi intelligenci\u00e1jukat \u00e9s \u00f6nismeret\u00fcket fejleszteni k\u00edv\u00e1n\u00f3knak<\/li>\n<\/ul>\n<h3 class=\"text-xl font-bold text-text-200 mt-1 -mb-0.5\" level=\"2\"><\/h3>\n<h3 class=\"text-xl font-bold text-text-200 mt-1 -mb-0.5\" level=\"2\">\u00c9letm\u00f3d \u00e9s egyens\u00faly<\/h3>\n<ul class=\"[&amp;:not(:last-child)_ul]:pb-1 [&amp;:not(:last-child)_ol]:pb-1 list-disc space-y-1.5 pl-7\" depth=\"0\">\n<li class=\"whitespace-normal break-words\" index=\"0\">Munka-mag\u00e1n\u00e9let egyens\u00faly\u00e1t keres\u0151knek<\/li>\n<li class=\"whitespace-normal break-words\" index=\"1\">Ki\u00e9g\u00e9ssel \u00e9s stresszel k\u00fczd\u0151knek<\/li>\n<li class=\"whitespace-normal break-words\" index=\"2\">Id\u0151menedzsment neh\u00e9zs\u00e9gekkel szembes\u00fcl\u0151knek<\/li>\n<li class=\"whitespace-normal break-words\" index=\"3\">Hat\u00e1rok kijel\u00f6l\u00e9s\u00e9ben \u00e9s betart\u00e1s\u00e1ban seg\u00edts\u00e9gre szorul\u00f3knak<\/li>\n<li class=\"whitespace-normal break-words\" index=\"4\">P\u00e9nz\u00fcgyi tudatoss\u00e1gukat fejleszteni v\u00e1gy\u00f3knak<\/li>\n<\/ul>\n<h3 class=\"text-xl font-bold text-text-200 mt-1 -mb-0.5\" level=\"2\"><\/h3>\n<h3 class=\"text-xl font-bold text-text-200 mt-1 -mb-0.5\" level=\"2\">Kapcsolatok \u00e9s kommunik\u00e1ci\u00f3<\/h3>\n<ul class=\"[&amp;:not(:last-child)_ul]:pb-1 [&amp;:not(:last-child)_ol]:pb-1 list-disc space-y-1.5 pl-7\" depth=\"0\">\n<li class=\"whitespace-normal break-words\" index=\"0\">P\u00e1rkapcsolati neh\u00e9zs\u00e9gekkel k\u00fczd\u0151knek<\/li>\n<li class=\"whitespace-normal break-words\" index=\"1\">Csal\u00e1di kapcsolataikat jav\u00edtani sz\u00e1nd\u00e9koz\u00f3knak<\/li>\n<li class=\"whitespace-normal break-words\" index=\"2\">Munkahelyi kapcsolatok fejleszt\u00e9s\u00e9ben \u00e9rdekelteknek<\/li>\n<li class=\"whitespace-normal break-words\" index=\"3\">Kommunik\u00e1ci\u00f3s \u00e9s konfliktuskezel\u00e9si k\u00e9szs\u00e9geiket fejleszteni v\u00e1gy\u00f3knak<\/li>\n<\/ul>\n<h3 class=\"text-xl font-bold text-text-200 mt-1 -mb-0.5\" level=\"2\"><\/h3>\n<h3 class=\"text-xl font-bold text-text-200 mt-1 -mb-0.5\" level=\"2\">V\u00e1ltoz\u00e1skezel\u00e9s \u00e9s kr\u00edzishelyzetek<\/h3>\n<ul class=\"[&amp;:not(:last-child)_ul]:pb-1 [&amp;:not(:last-child)_ol]:pb-1 list-disc space-y-1.5 pl-7\" depth=\"0\">\n<li class=\"whitespace-normal break-words\" index=\"0\">Nagy \u00e9letv\u00e1ltoz\u00e1sok (v\u00e1l\u00e1s, k\u00f6lt\u00f6z\u00e9s, gyermekv\u00e1llal\u00e1s) el\u0151tt vagy ut\u00e1n \u00e1ll\u00f3knak<\/li>\n<li class=\"whitespace-normal break-words\" index=\"1\">D\u00f6nt\u00e9si helyzetben l\u00e9v\u0151knek<\/li>\n<li class=\"whitespace-normal break-words\" index=\"2\">Kr\u00edzishelyzetben t\u00e1mogat\u00e1st ig\u00e9nyl\u0151knek<\/li>\n<li class=\"whitespace-normal break-words\" index=\"3\">V\u00e1ltoz\u00e1skezel\u00e9si k\u00e9szs\u00e9geiket fejleszteni k\u00edv\u00e1n\u00f3knak<\/li>\n<\/ul>\n<h3 class=\"text-xl font-bold text-text-200 mt-1 -mb-0.5\" level=\"2\"><\/h3>\n<h3 class=\"text-xl font-bold text-text-200 mt-1 -mb-0.5\" level=\"2\">C\u00e9lok \u00e9s motiv\u00e1ci\u00f3<\/h3>\n<ul class=\"[&amp;:not(:last-child)_ul]:pb-1 [&amp;:not(:last-child)_ol]:pb-1 list-disc space-y-1.5 pl-7\" depth=\"0\">\n<li class=\"whitespace-normal break-words\" index=\"0\">Konkr\u00e9t c\u00e9lokat kit\u0171z\u0151knek, akik elakadtak a megval\u00f3s\u00edt\u00e1sban<\/li>\n<li class=\"whitespace-normal break-words\" index=\"1\">Autentikusabb \u00e9letre v\u00e1gy\u00f3knak<\/li>\n<li class=\"whitespace-normal break-words\" index=\"2\">\u00c9letc\u00e9ljukat keres\u0151knek<\/li>\n<li class=\"whitespace-normal break-words\" index=\"3\">Motiv\u00e1ci\u00f3s t\u00e1mogat\u00e1st ig\u00e9nyl\u0151knek<\/li>\n<\/ul>\n<p>[\/et_pb_text][et_pb_button button_url=&#8221;#email&#8221; button_text=&#8221;Ne maradj ki! &#8211; Indulj el a v\u00e1ltoz\u00e1s \u00fatj\u00e1n!&#8221; _builder_version=&#8221;4.27.4&#8243; _module_preset=&#8221;default&#8221; global_colors_info=&#8221;{}&#8221;][\/et_pb_button][\/et_pb_column][et_pb_column type=&#8221;1_2&#8243; _builder_version=&#8221;4.27.4&#8243; _module_preset=&#8221;default&#8221; global_colors_info=&#8221;{}&#8221;][et_pb_text _builder_version=&#8221;4.27.4&#8243; _module_preset=&#8221;default&#8221; global_colors_info=&#8221;{}&#8221;]<\/p>\n<h4>Milyen \u00fcgyfelek keresnek minket, Life Coachokat?<\/h4>\n<p>[\/et_pb_text][et_pb_image src=&#8221;https:\/\/CoachLab.hu\/wp-content\/uploads\/woman-657753_640.webp&#8221; alt=&#8221;Mi a life coaching?&#8221; _builder_version=&#8221;4.27.4&#8243; _module_preset=&#8221;default&#8221; border_radii=&#8221;off|15px|15px|15px|15px&#8221; box_shadow_style=&#8221;preset1&#8243; global_colors_info=&#8221;{}&#8221;][\/et_pb_image][et_pb_image src=&#8221;https:\/\/CoachLab.hu\/wp-content\/uploads\/portrait-1711916_640.webp&#8221; alt=&#8221;Mi a life coaching?&#8221; _builder_version=&#8221;4.27.4&#8243; _module_preset=&#8221;default&#8221; border_radii=&#8221;off|15px|15px|15px|15px&#8221; box_shadow_style=&#8221;preset1&#8243; global_colors_info=&#8221;{}&#8221;][\/et_pb_image][\/et_pb_column][\/et_pb_row][et_pb_row column_structure=&#8221;1_3,2_3&#8243; _builder_version=&#8221;4.27.4&#8243; _module_preset=&#8221;default&#8221; custom_margin=&#8221;10%||10%||true|false&#8221; global_colors_info=&#8221;{}&#8221;][et_pb_column type=&#8221;1_3&#8243; _builder_version=&#8221;4.27.4&#8243; _module_preset=&#8221;default&#8221; global_colors_info=&#8221;{}&#8221;][et_pb_image src=&#8221;https:\/\/CoachLab.hu\/wp-content\/uploads\/Havi-Celok-Kituzese-Utmutato-a-Sikerhez-darts-1955257_640.webp&#8221; alt=&#8221;Mi a Life Coaching?&#8221; title_text=&#8221;A Life Coaching L\u00e9nyege \u00e9s C\u00e9lja&#8221; _builder_version=&#8221;4.27.4&#8243; _module_preset=&#8221;default&#8221; custom_margin=&#8221;50%||||false|false&#8221; border_radii=&#8221;off|15px|15px|15px|15px&#8221; box_shadow_style=&#8221;preset1&#8243; global_colors_info=&#8221;{}&#8221;][\/et_pb_image][\/et_pb_column][et_pb_column type=&#8221;2_3&#8243; _builder_version=&#8221;4.27.4&#8243; _module_preset=&#8221;default&#8221; global_colors_info=&#8221;{}&#8221;][et_pb_text _builder_version=&#8221;4.27.4&#8243; _module_preset=&#8221;default&#8221; global_colors_info=&#8221;{}&#8221;]<\/p>\n<h2 class=\"whitespace-pre-wrap break-words\"><strong>A life coaching l\u00e9nyege \u00e9s c\u00e9lja<\/strong><\/h2>\n<p class=\"whitespace-pre-wrap break-words\">A life coaching egy szem\u00e9lyre szabott fejleszt\u0151 folyamat, ahol a coach k\u00e9rd\u00e9sekkel \u00e9s t\u00e1mogat\u00f3 jelenl\u00e9ttel seg\u00edti \u00fcgyfel\u00e9t c\u00e9ljai el\u00e9r\u00e9s\u00e9ben. Nem ad k\u00f6zvetlen tan\u00e1csokat &#8211; ehelyett abban t\u00e1mogatja az \u00fcgyfelet, hogy saj\u00e1t megold\u00e1sait megtal\u00e1lja.<\/p>\n<p class=\"whitespace-pre-wrap break-words\">A folyamat sor\u00e1n az \u00fcgyf\u00e9l:<\/p>\n<ul class=\"[&amp;:not(:last-child)_ul]:pb-1 [&amp;:not(:last-child)_ol]:pb-1 list-disc space-y-1.5 pl-7\" depth=\"0\">\n<li class=\"whitespace-normal break-words\" index=\"0\">Tiszt\u00e1bb k\u00e9pet kap c\u00e9ljair\u00f3l \u00e9s lehet\u0151s\u00e9geir\u0151l<\/li>\n<li class=\"whitespace-normal break-words\" index=\"1\">Felismeri \u00e9s lebontja a fejl\u0151d\u00e9s\u00e9t g\u00e1tl\u00f3 akad\u00e1lyokat<\/li>\n<li class=\"whitespace-normal break-words\" index=\"2\">Gyakorlati strat\u00e9gi\u00e1kat dolgoz ki c\u00e9ljai el\u00e9r\u00e9s\u00e9hez<\/li>\n<li class=\"whitespace-normal break-words\" index=\"3\">Fejl\u0151dik \u00f6nismeretben, \u00f6nbizalomban \u00e9s magabiztoss\u00e1gban<\/li>\n<li class=\"whitespace-normal break-words\" index=\"4\">Megtanulja hat\u00e9konyabban kezelni kih\u00edv\u00e1sait<\/li>\n<\/ul>\n<p class=\"whitespace-pre-wrap break-words\">A coaching akkor igaz\u00e1n sikeres, ha az \u00fcgyf\u00e9l a folyamat v\u00e9g\u00e9re nemcsak el\u00e9ri kit\u0171z\u00f6tt c\u00e9ljait, de k\u00e9pess\u00e9 v\u00e1lik \u00f6n\u00e1ll\u00f3an is alkalmazni a tanult m\u00f3dszereket j\u00f6v\u0151beli kih\u00edv\u00e1sain\u00e1l.<\/p>\n<p>[\/et_pb_text][et_pb_button button_url=&#8221;#email&#8221; button_text=&#8221;K\u00e9rj id\u0151pontot most!&#8221; _builder_version=&#8221;4.27.4&#8243; _module_preset=&#8221;default&#8221; global_colors_info=&#8221;{}&#8221;][\/et_pb_button][\/et_pb_column][\/et_pb_row][\/et_pb_section]<\/p>\n<span class=\"et_bloom_bottom_trigger\"><\/span>","protected":false},"excerpt":{"rendered":"<p>MI A LIFE COACHING? &nbsp; Mi a life coaching? A life coaching, magyarul \u00e9letvezet\u00e9si coaching, egy olyan seg\u00edt\u0151 folyamat, amely sor\u00e1n a coach, mint egy szem\u00e9lyi edz\u0151, t\u00e1mogatja a klienst (coachee-t) a c\u00e9ljai el\u00e9r\u00e9s\u00e9ben \u00e9s a probl\u00e9m\u00e1k megold\u00e1s\u00e1ban. Fontos megjegyezni, hogy a life coaching nem ugyanaz, mint az \u00e9letvezet\u00e9si tan\u00e1csad\u00e1s, hiszen a coach nem ad [&hellip;]<\/p>\n","protected":false},"author":1,"featured_media":255419,"parent":0,"menu_order":0,"comment_status":"closed","ping_status":"closed","template":"","meta":{"_et_pb_use_builder":"on","_et_pb_old_content":"<!-- wp:heading -->\n<h2 class=\"wp-block-heading\"><strong><a href=\"https:\/\/coachlab.hu\/mi-a-life-coaching\/\">Mi a life coaching?<\/a><\/strong><\/h2>\n<!-- \/wp:heading -->\n\n<!-- wp:paragraph -->\n<p>Mi a life coaching? A life coaching, magyarul \u00e9letvezet\u00e9si coaching, egy olyan seg\u00edt\u0151 folyamat, amely sor\u00e1n a coach, mint egy szem\u00e9lyi edz\u0151, t\u00e1mogatja a klienst (coachee-t) a c\u00e9ljai el\u00e9r\u00e9s\u00e9ben \u00e9s a probl\u00e9m\u00e1k megold\u00e1s\u00e1ban. Fontos megjegyezni, hogy a life coaching nem ugyanaz, mint az \u00e9letvezet\u00e9si tan\u00e1csad\u00e1s, hiszen a coach nem ad tan\u00e1csokat, hanem k\u00e9rd\u00e9sekkel \u00e9s technik\u00e1kkal seg\u00edti a klienst a saj\u00e1t megold\u00e1sai felfedez\u00e9s\u00e9ben.<\/p>\n<!-- \/wp:paragraph -->\n\n<!-- wp:kadence\/image {\"align\":\"center\",\"id\":255419,\"sizeSlug\":\"full\",\"uniqueID\":\"257134_87710f-0a\",\"marginDesktop\":[\"md\",\"\",\"md\",\"\"],\"borderRadius\":[15,15,15,15],\"displayBoxShadow\":true,\"displayDropShadow\":true,\"className\":\"is-style-default\"} -->\n<div class=\"wp-block-kadence-image kb-image257134_87710f-0a is-style-default\"><figure class=\"aligncenter size-full\"><img src=\"https:\/\/CoachLab.hu\/wp-content\/uploads\/coffee-3792575_640.webp\" alt=\"Mi a life coaching?\" class=\"kb-img wp-image-255419\"\/><\/figure><\/div>\n<!-- \/wp:kadence\/image -->\n\n<!-- wp:paragraph -->\n<p>A life coaching sor\u00e1n a kliens nem egyed\u00fcl k\u00fczd meg a kih\u00edv\u00e1saival; egy tapasztalt szakember seg\u00edts\u00e9g\u00e9vel k\u00f6z\u00f6sen \u00e9rt\u00e9kelik a helyzetet \u00e9s dolgoznak ki egy strat\u00e9gi\u00e1t. A folyamat sikere nagyban f\u00fcgg a coachee elk\u00f6telez\u0151d\u00e9s\u00e9t\u0151l \u00e9s \u00f6nfegyelmeztet\u00e9s\u00e9t\u0151l. A coach c\u00e9lja, hogy seg\u00edtsen az \u00fcgyf\u00e9lnek jobban megismerni \u00f6nmag\u00e1t, aktiv\u00e1lni bels\u0151 er\u0151forr\u00e1sait, \u00e9s megtal\u00e1lni a megfelel\u0151 utat a fejl\u0151d\u00e9shez.<\/p>\n<!-- \/wp:paragraph -->\n\n<!-- wp:heading -->\n<h2 class=\"wp-block-heading\"><strong>Kik keresnek fel life coachot?<\/strong><\/h2>\n<!-- \/wp:heading -->\n\n<!-- wp:paragraph -->\n<p>A life coachingot \u00e1ltal\u00e1ban azok a szem\u00e9lyek keresik, akik:<\/p>\n<!-- \/wp:paragraph -->\n\n<!-- wp:list -->\n<ul class=\"wp-block-list\"><!-- wp:list-item -->\n<li>keresik az \u00f6nmagukhoz \u00e9s hivat\u00e1sukhoz val\u00f3 kapcsol\u00f3d\u00e1st;<\/li>\n<!-- \/wp:list-item -->\n\n<!-- wp:list-item -->\n<li>\u00fagy \u00e9rzik, hogy nem el\u00e9g j\u00f3k valamiben, \u00e9s szeretn\u00e9k n\u00f6velni \u00f6nbizalmukat;<\/li>\n<!-- \/wp:list-item -->\n\n<!-- wp:list-item -->\n<li>id\u0151hi\u00e1nyban szenvednek, \u00e9s \u00fagy \u00e9rzik, hogy kapkodva \u00e9lik az \u00e9let\u00fcket;<\/li>\n<!-- \/wp:list-item -->\n\n<!-- wp:list-item -->\n<li>b\u00e1tortalannak \u00e9rzik magukat a nagy \u00e1lmaik megval\u00f3s\u00edt\u00e1s\u00e1ban;<\/li>\n<!-- \/wp:list-item -->\n\n<!-- wp:list-item -->\n<li>egyed\u00fcl \u00e9rzik magukat, \u00e9s nem kapnak elegend\u0151 t\u00e1mogat\u00e1st.<\/li>\n<!-- \/wp:list-item --><\/ul>\n<!-- \/wp:list -->\n\n<!-- wp:kadence\/image {\"align\":\"right\",\"id\":256826,\"sizeSlug\":\"et-pb-post-main-image\",\"uniqueID\":\"257134_a2dd72-cf\",\"marginDesktop\":[\"\",\"\",\"\",\"3xl\"],\"borderRadius\":[15,15,15,15],\"displayBoxShadow\":true,\"displayDropShadow\":true} -->\n<div class=\"wp-block-kadence-image kb-image257134_a2dd72-cf\"><figure class=\"alignright size-et-pb-post-main-image\"><img src=\"https:\/\/CoachLab.hu\/wp-content\/uploads\/Havi-Celok-Kituzese-Utmutato-a-Sikerhez-darts-1955257_640-400x250.webp\" alt=\"Mi a life coaching?\" class=\"kb-img wp-image-256826\"\/><\/figure><\/div>\n<!-- \/wp:kadence\/image -->\n\n<!-- wp:heading -->\n<h2 class=\"wp-block-heading\"><strong>A life coaching c\u00e9ljai<\/strong><\/h2>\n<!-- \/wp:heading -->\n\n<!-- wp:paragraph -->\n<p>A coaching f\u0151 c\u00e9lja az, hogy az egy\u00e9n er\u0151forr\u00e1sait aktiviz\u00e1lja, kreativit\u00e1s\u00e1t kibontakoztassa, \u00e9s seg\u00edtse \u0151t a szem\u00e9lyes \u00e9s szakmai c\u00e9lok el\u00e9r\u00e9s\u00e9ben. A coaching folyamata sor\u00e1n a coach t\u00fckr\u00f6t tart a kliens el\u00e9, \u00e9s k\u00e9rd\u00e9seivel ir\u00e1ny\u00edtja \u0151t a megold\u00e1s fel\u00e9. A bizalom \u00e9s az emp\u00e1tia kulcsfontoss\u00e1g\u00faak, k\u00fcl\u00f6n\u00f6sen, amikor a kliens k\u00e9nyes t\u00e9m\u00e1kr\u00f3l besz\u00e9l.<\/p>\n<!-- \/wp:paragraph -->\n\n<!-- wp:paragraph -->\n<p>\u00d6sszess\u00e9g\u00e9ben a life coaching egy hat\u00e9kony eszk\u00f6z lehet a szem\u00e9lyes fejl\u0151d\u00e9shez, hiszen lehet\u0151s\u00e9get ad arra, hogy a kliensek felfedezz\u00e9k saj\u00e1t potenci\u00e1ljukat, \u00e9s magabiztosan l\u00e9pjenek a c\u00e9ljaik fel\u00e9.<\/p>\n<!-- \/wp:paragraph -->\n\n<!-- wp:spacer {\"height\":\"150px\"} -->\n<div style=\"height:150px\" aria-hidden=\"true\" class=\"wp-block-spacer\"><\/div>\n<!-- \/wp:spacer -->","_et_gb_content_width":"1080","footnotes":""},"class_list":["post-257134","page","type-page","status-publish","has-post-thumbnail","hentry"],"_links":{"self":[{"href":"https:\/\/coachlab.hu\/de\/wp-json\/wp\/v2\/pages\/257134","targetHints":{"allow":["GET"]}}],"collection":[{"href":"https:\/\/coachlab.hu\/de\/wp-json\/wp\/v2\/pages"}],"about":[{"href":"https:\/\/coachlab.hu\/de\/wp-json\/wp\/v2\/types\/page"}],"author":[{"embeddable":true,"href":"https:\/\/coachlab.hu\/de\/wp-json\/wp\/v2\/users\/1"}],"replies":[{"embeddable":true,"href":"https:\/\/coachlab.hu\/de\/wp-json\/wp\/v2\/comments?post=257134"}],"version-history":[{"count":10,"href":"https:\/\/coachlab.hu\/de\/wp-json\/wp\/v2\/pages\/257134\/revisions"}],"predecessor-version":[{"id":259006,"href":"https:\/\/coachlab.hu\/de\/wp-json\/wp\/v2\/pages\/257134\/revisions\/259006"}],"wp:featuredmedia":[{"embeddable":true,"href":"https:\/\/coachlab.hu\/de\/wp-json\/wp\/v2\/media\/255419"}],"wp:attachment":[{"href":"https:\/\/coachlab.hu\/de\/wp-json\/wp\/v2\/media?parent=257134"}],"curies":[{"name":"wp","href":"https:\/\/api.w.org\/{rel}","templated":true}]}}