{"id":255481,"date":"2024-12-03T17:22:47","date_gmt":"2024-12-03T16:22:47","guid":{"rendered":"https:\/\/coachlab.hu\/?page_id=255481"},"modified":"2025-07-25T10:58:42","modified_gmt":"2025-07-25T08:58:42","slug":"adatvedelmi","status":"publish","type":"page","link":"https:\/\/coachlab.hu\/de\/datenverwaltung\/","title":{"rendered":"Datenschutzrichtlinie, Datenschutz- und Cookie-Hinweis"},"content":{"rendered":"<h2 class=\"wp-block-heading\"><a href=\"https:\/\/coachlab.hu\/de\/datenverwaltung\/\">Datenschutzrichtlinie, Datenschutz- und Cookie-Hinweis<\/a><\/h2>\n\n\n\n<p>Datenschutzbestimmungen<\/p>\n\n\n\n<p><br>Letzte Aktualisierung: 25-Juli-2025<br>Datum des Inkrafttretens 25-Juli-2025<\/p>\n\n\n\n<h2 class=\"wp-block-heading\">Cookie- und Datenschutzhinweis<\/h2>\n\n\n\n<h2 class=\"wp-block-heading\">Allgemeine Informationen<\/h2>\n\n\n\n<p><br>Der Betreiber von CoachLab.hu, Rad\u00f3-Bajzak Melinda E.V. (Sitz: 1114 Budapest, Bukarest utca 13., E-Mail: radobajzak@gmail.com), als Inhaber der Datenverarbeitung, informiert hiermit die Besucher der Website \u00fcber die Verarbeitung personenbezogener Daten und die Verwendung von Cookies.<\/p>\n\n\n\n<ol class=\"wp-block-list\">\n<li>Umfang der verarbeiteten Daten<br>Bei der Nutzung des Kontaktformulars, des Newsletter-Abonnements (Mailchimp) und des Tawk.to-Chats k\u00f6nnen die folgenden Daten \u00fcbermittelt werden:<\/li>\n<\/ol>\n\n\n\n<p>Name (optional)<\/p>\n\n\n\n<p>E-Mail Adresse<\/p>\n\n\n\n<p>Nachrichtentext<\/p>\n\n\n\n<ol start=\"2\" class=\"wp-block-list\">\n<li>Zweck der Datenverarbeitung<br>Kontakt und Angebot<\/li>\n<\/ol>\n\n\n\n<p>Newsletter (nur wenn Sie sich anmelden)<\/p>\n\n\n\n<p>Kundenbetreuung und Beratungskommunikation (Chat)<\/p>\n\n\n\n<p>Statistische Analyse der Website, Remarketing f\u00fcr Marketingzwecke<\/p>\n\n\n\n<ol start=\"3\" class=\"wp-block-list\">\n<li>Rechtsgrundlage f\u00fcr die Datenverarbeitung<br>Die Verarbeitung st\u00fctzt sich auf die Einwilligung der betroffenen Person (Artikel 6 Absatz 1 Buchstabe a DSGVO) oder auf ein berechtigtes Interesse (f).<\/li>\n\n\n\n<li>Externe Datenverarbeiter<br>Mailchimp (The Rocket Science Group LLC) - Versand von Newslettern<\/li>\n<\/ol>\n\n\n\n<p>Google Analytics - statistische Auswertung<\/p>\n\n\n\n<p>Tawk.to - Online-Chat-Dienst<\/p>\n\n\n\n<p>CookieYes - Verwaltung von Cookies<\/p>\n\n\n\n<p>CWEB Ltd. - Anbieter von Webhosting<\/p>\n\n\n\n<ol start=\"5\" class=\"wp-block-list\">\n<li>Dauer der Datenspeicherung<br>Der f\u00fcr die Verarbeitung Verantwortliche verarbeitet die \u00fcbermittelten Daten so lange, bis die betroffene Person ihre L\u00f6schung beantragt oder bis die gesetzlich vorgesehene Aufbewahrungsfrist abgelaufen ist.<\/li>\n\n\n\n<li>Betroffene Rechte<br>Sie haben ein Recht darauf:<\/li>\n<\/ol>\n\n\n\n<p>die Berichtigung oder L\u00f6schung Ihrer Daten zu verlangen<\/p>\n\n\n\n<p>ihre Behandlung einschr\u00e4nken<\/p>\n\n\n\n<p>sich der Behandlung widersetzen<\/p>\n\n\n\n<p>eine Beschwerde bei der NAIH einreichen (www.naih.hu)<\/p>\n\n\n\n<ol start=\"7\" class=\"wp-block-list\">\n<li>Markenrechtsklausel<\/li>\n<\/ol>\n\n\n\n<p>Der Name und das Logo \"CoachLab\" sind in Ungarn eingetragene Warenzeichen und Eigentum von R\u00f3bert Rad\u00f3. Jede unberechtigte Verwendung des Warenzeichens kann rechtliche Konsequenzen nach sich ziehen.<\/p>\n\n\n\n<div style=\"height:100px\" aria-hidden=\"true\" class=\"wp-block-spacer\"><\/div>\n\n\n\n<h2 class=\"wp-block-heading\">\ud83c\udf6a Cookie-Informationen<\/h2>\n\n\n\n<p><br>Die Website CoachLab.hu verwendet Cookies f\u00fcr bessere Funktionalit\u00e4t, Benutzerfreundlichkeit, statistische und Marketingzwecke.<\/p>\n\n\n\n<p>Typen:<br>F\u00fcr den Betrieb ben\u00f6tigte Cookies<\/p>\n\n\n\n<p>Statistische Cookies (Google Analytics)<\/p>\n\n\n\n<p>Marketing-Cookies (Mailchimp, Tawk.to, Facebook Pixel - falls vorhanden)<\/p>\n\n\n\n<p>Der Besucher kann unn\u00f6tige Cookies akzeptieren oder ablehnen, wenn er die Website zum ersten Mal nutzt.<\/p>\n\n\n\n<p>Die Cookie-Verwaltung wird durch das CookieYes-System gew\u00e4hrleistet.<\/p>\n\n\n\n<p>Die Website CoachLab.hu verwendet Cookies (\"Cookies\") f\u00fcr den Betrieb der Website, statistische Analysen und Marketingzwecke.<\/p>\n\n\n\n<ol class=\"wp-block-list\">\n<li>Was ist ein Keks?<br>Ein Cookie ist eine kleine Datendatei, die der Browser auf dem Ger\u00e4t des Besuchers speichert. Er hilft der Website zu funktionieren und sammelt Informationen \u00fcber die Nutzung der Website.<\/li>\n\n\n\n<li>Welche Cookies verwenden wir?<br>Notwendige Cookies - unerl\u00e4sslich f\u00fcr das technische Funktionieren der Website.<\/li>\n<\/ol>\n\n\n\n<p>Statistische Cookies - Google Analytics wird verwendet, um anonyme Verkehrsdaten zu sammeln.<\/p>\n\n\n\n<p>Marketing-Cookies - Mailchimp, Tawk.to und andere Dienste zur Verfolgung von Interaktionen.<\/p>\n\n\n\n<ol start=\"3\" class=\"wp-block-list\">\n<li>Von Dritten verwendete Cookies:<br>Google Analytics<\/li>\n<\/ol>\n\n\n\n<p>Mailchimp<\/p>\n\n\n\n<p>Tawk.to (Chat)<\/p>\n\n\n\n<p>CookieYes<\/p>\n\n\n\n<p>Hosting-Anbieter: CWEB<\/p>\n\n\n\n<ol start=\"4\" class=\"wp-block-list\">\n<li>Autorisierung von Cookies<br>Bei Ihrem ersten Besuch auf der Website sehen Sie eine Leiste zur Aktivierung von Cookies. Hier k\u00f6nnen Sie ausw\u00e4hlen, welche Arten von Cookies Sie zulassen m\u00f6chten.<\/li>\n\n\n\n<li>Weitere Informationen<br>Ihre Daten werden vertraulich behandelt, Einzelheiten finden Sie in den Datenschutzbestimmungen.<\/li>\n<\/ol>\n\n\n\n<div style=\"height:100px\" aria-hidden=\"true\" class=\"wp-block-spacer\"><\/div>\n\n\n\n<h2 class=\"wp-block-heading\"><a href=\"https:\/\/coachlab.hu\/de\/datenschutzbestimmungen\/\" rel=\"nofollow\">Englische Version der Datenschutzrichtlinie<\/a><\/h2>\n\n\n\n<div style=\"height:100px\" aria-hidden=\"true\" class=\"wp-block-spacer\"><\/div>\n\n\n\n<p>Letzte Aktualisierung: 03-Dez-2024<br>Datum des Inkrafttretens 03-Dez-2024<\/p>\n\n\n\n<p>Diese Datenschutzerkl\u00e4rung wird von CoachLab.hu (Rad\u00f3-Bajzak Melinda E.V.), Budapest 1114, Ungarn, E-Mail: info@coachlab.hu, Telefon: +36 20 779 8300 im Zusammenhang mit der Erhebung, Nutzung und Weitergabe von Informationen, die durch die Nutzung unserer Website ( https:\/\/coachlab.hu\/ ) (der \"Service\") erhoben werden, zur Verf\u00fcgung gestellt. Durch den Zugriff auf oder die Nutzung des Service stimmen Sie der Erhebung, Nutzung und Weitergabe Ihrer Daten gem\u00e4\u00df dieser Datenschutzerkl\u00e4rung zu. Wenn Sie damit nicht einverstanden sind, verzichten Sie bitte auf den Zugriff auf den Dienst oder dessen Nutzung.<br>Wir k\u00f6nnen diese Datenschutzrichtlinie jederzeit ohne vorherige Benachrichtigung an Sie \u00e4ndern und werden die ge\u00e4nderte Datenschutzrichtlinie im Dienst ver\u00f6ffentlichen. Die ge\u00e4nderte Datenschutzrichtlinie tritt 180 Tage nach dem Datum der Ver\u00f6ffentlichung der ge\u00e4nderten Datenschutzrichtlinie auf dem Dienst in Kraft, und wenn Sie nach diesem Datum weiterhin auf den Dienst zugreifen oder ihn nutzen, erkl\u00e4ren Sie sich mit der ge\u00e4nderten Datenschutzrichtlinie einverstanden. Wir empfehlen Ihnen daher, diese Seite regelm\u00e4\u00dfig zu lesen.<\/p>\n\n\n\n<p>Die Informationen, die wir sammeln:<br>Wir sammeln und verarbeiten die folgenden personenbezogenen Daten \u00fcber Sie:<\/p>\n\n\n\n<p>Name<br>E-Mail Adresse<\/p>\n\n\n\n<p>Wie wir Ihre Daten verwenden:<br>Wir verwenden die Informationen, die wir \u00fcber Sie sammeln, f\u00fcr die folgenden Zwecke:<\/p>\n\n\n\n<p>F\u00fcr Marketing-\/Werbezwecke<br>Gezielte Werbung<\/p>\n\n\n\n<p>Wenn wir Ihre Daten f\u00fcr einen anderen Zweck verwenden wollen, werden wir Sie um Ihre Zustimmung bitten, und wir werden Ihre Daten nur nach Erhalt Ihrer Zustimmung und dann auch nur f\u00fcr den\/die Zweck(e) verwenden, f\u00fcr den\/die Sie Ihre Zustimmung gegeben haben, es sei denn, dies ist gesetzlich vorgeschrieben.<\/p>\n\n\n\n<p>Wie wir Ihre Informationen weitergeben:<br>Wir werden Ihre pers\u00f6nlichen Daten nicht ohne Ihre Zustimmung an Dritte weitergeben, au\u00dfer unter den unten beschriebenen begrenzten Umst\u00e4nden:<\/p>\n\n\n\n<p>Analytik<br>Wir verlangen von diesen Dritten, dass sie die von uns zur Verf\u00fcgung gestellten personenbezogenen Daten nur f\u00fcr die Zwecke verwenden, f\u00fcr die wir sie zur Verf\u00fcgung gestellt haben, und sie nicht l\u00e4nger aufbewahren, als es zur Erf\u00fcllung dieser Zwecke erforderlich ist.<br>Wir k\u00f6nnen Ihre personenbezogenen Daten auch \u00fcbertragen, (1) um geltenden Gesetzen, Vorschriften, Gerichtsbeschl\u00fcssen oder anderen rechtlichen Verfahren zu entsprechen; (2) um Ihre Vereinbarungen mit uns, einschlie\u00dflich dieser Datenschutzrichtlinie, durchzusetzen; oder (3) um auf Anspr\u00fcche zu reagieren, dass Ihre Nutzung des Dienstes die Rechte Dritter verletzt. Wenn der Dienst oder unser Unternehmen mit einem anderen Unternehmen fusioniert oder von diesem \u00fcbernommen wird, geh\u00f6ren Ihre Daten zu den Verm\u00f6genswerten, die an den neuen Eigent\u00fcmer \u00fcbertragen werden.<\/p>\n\n\n\n<p>Aufbewahrung Ihrer Daten:<br>Wir bewahren Ihre personenbezogenen Daten 90 Tage bis 2 Jahre lang auf, nachdem die Nutzer ihr Konto gek\u00fcndigt haben, oder so lange, wie wir sie ben\u00f6tigen, um die in dieser Datenschutzrichtlinie beschriebenen Erfassungszwecke zu erf\u00fcllen. Es kann sein, dass wir bestimmte Daten l\u00e4nger aufbewahren m\u00fcssen, z. B. f\u00fcr die Aufbewahrung von Aufzeichnungen\/Berichten in \u00dcbereinstimmung mit geltendem Recht oder aus anderen legitimen Gr\u00fcnden, wie z. B. zur Durchsetzung von Rechtsanspr\u00fcchen, zur Verhinderung von Betrug usw. Wir k\u00f6nnen die verbleibenden anonymen und zusammengefassten Daten, die Sie weder direkt noch indirekt identifizieren, auf unbestimmte Zeit aufbewahren.<\/p>\n\n\n\n<p>Ihre Rechte:<br>Je nach geltendem Recht haben Sie das Recht, auf Ihre personenbezogenen Daten zuzugreifen, sie zu berichtigen oder zu l\u00f6schen oder eine Kopie Ihrer personenbezogenen Daten zu erhalten, die aktive Verarbeitung Ihrer Daten einzuschr\u00e4nken oder ihr zu widersprechen, Ihre personenbezogenen Daten an andere Organisationen weiterzugeben (zu \u00fcbertragen), Ihre Zustimmung zur Verarbeitung Ihrer Daten zu widerrufen, eine Beschwerde bei einer rechtm\u00e4\u00dfigen Beh\u00f6rde einzureichen und alle anderen nach geltendem Recht relevanten Rechte auszu\u00fcben. Um diese Rechte auszu\u00fcben, kontaktieren Sie uns bitte unter info@coachlab.hu. Wir werden Ihre Anfrage in \u00dcbereinstimmung mit dem geltenden Recht beantworten.<\/p>\n\n\n\n<p>Sie k\u00f6nnen sich gegen Direktmarketing oder Profiling zu Marketingzwecken entscheiden, indem Sie uns unter info@coachlab.hu kontaktieren.<br>Bitte beachten Sie, dass Sie m\u00f6glicherweise nicht in der Lage sind, auf die Dienste, f\u00fcr die wir Ihre Daten angefordert haben, zuzugreifen oder diese zu nutzen, wenn Sie uns nicht gestatten, die von uns angeforderten personenbezogenen Daten zu erheben oder zu verarbeiten, oder wenn Sie Ihre Zustimmung zur Verarbeitung f\u00fcr die Zwecke, f\u00fcr die wir sie ben\u00f6tigen, zur\u00fcckziehen.<\/p>\n\n\n\n<p>Cookies, etc.<br>Um mehr dar\u00fcber zu erfahren, wie wir sie verwenden und welche M\u00f6glichkeiten Sie in Bezug auf diese Tracking-Technologien haben, lesen Sie bitte unsere Cookie-Richtlinie.<\/p>\n\n\n\n<p>Sicherheit:<br>Die Sicherheit Ihrer Daten ist uns wichtig, und wir ergreifen angemessene Sicherheitsma\u00dfnahmen, um den Verlust, den Missbrauch oder die unbefugte \u00c4nderung der von uns kontrollierten Daten zu verhindern. Aufgrund der inh\u00e4renten Risiken k\u00f6nnen wir jedoch keine absolute Sicherheit garantieren. Folglich k\u00f6nnen wir die Sicherheit von Informationen, die Sie uns \u00fcbermitteln, weder gew\u00e4hrleisten noch garantieren, und Sie tun dies auf eigenes Risiko.<\/p>\n\n\n\n<p>Beschwerde-\/Datenschutzbeauftragter:<br>Wenn Sie Fragen oder Bedenken hinsichtlich der Verarbeitung Ihrer Daten haben, die wir \u00fcber Sie gespeichert haben, k\u00f6nnen Sie sich an unseren Beschwerdebeauftragten bei CoachLab Coaching Services wenden, E-Mail: info@coachlab.hu. Ihre Bedenken werden in \u00dcbereinstimmung mit dem geltenden Recht behandelt.<\/p>\n\n\n\n<p>Datenschutzrichtlinie generiert mit CookieYes.<\/p>\n\n\n\n<div style=\"height:100px\" aria-hidden=\"true\" class=\"wp-block-spacer\"><\/div>\n\n\n\n<p class=\"has-medium-font-size\"><a href=\"https:\/\/coachlab.hu\/de\/datenschutzbestimmungen\/\" rel=\"nofollow\">Englische Version der Datenschutzrichtlinie<\/a><\/p>\n\n\n\n<div style=\"height:300px\" aria-hidden=\"true\" class=\"wp-block-spacer\"><\/div>\n<span class=\"et_bloom_bottom_trigger\"><\/span>","protected":false},"excerpt":{"rendered":"<p>Adatv\u00e9delmi ir\u00e1nyelvek, Adatkezel\u00e9si \u00e9s Cookie t\u00e1j\u00e9koztat\u00f3 Adatv\u00e9delmi ir\u00e1nyelvek Utols\u00f3 friss\u00edt\u00e9s: 25-J\u00falius-2025Hat\u00e1lyos d\u00e1tum 25-J\u00falius-2025 Cookie \u00e9s adatkezel\u00e9si t\u00e1j\u00e9koztat\u00f3 \u00c1ltal\u00e1nos inform\u00e1ci\u00f3k A CoachLab.hu m\u0171k\u00f6dtet\u0151je, Rad\u00f3-Bajzak Melinda E.V. (sz\u00e9khely: 1114 Budapest, Bukarest utca 13., e-mail: radobajzak@gmail.com), mint adatkezel\u0151, ez\u00faton t\u00e1j\u00e9koztatja a weboldal l\u00e1togat\u00f3it a szem\u00e9lyes adatok kezel\u00e9s\u00e9r\u0151l \u00e9s a s\u00fctik (cookie-k) haszn\u00e1lat\u00e1r\u00f3l. n\u00e9v (opcion\u00e1lis) e-mail c\u00edm \u00fczenet sz\u00f6vege [&hellip;]<\/p>\n","protected":false},"author":3,"featured_media":0,"parent":0,"menu_order":0,"comment_status":"closed","ping_status":"closed","template":"page-template-blank.php","meta":{"_et_pb_use_builder":"off","_et_pb_old_content":"","_et_gb_content_width":"1080","footnotes":""},"class_list":["post-255481","page","type-page","status-publish","hentry"],"_links":{"self":[{"href":"https:\/\/coachlab.hu\/de\/wp-json\/wp\/v2\/pages\/255481","targetHints":{"allow":["GET"]}}],"collection":[{"href":"https:\/\/coachlab.hu\/de\/wp-json\/wp\/v2\/pages"}],"about":[{"href":"https:\/\/coachlab.hu\/de\/wp-json\/wp\/v2\/types\/page"}],"author":[{"embeddable":true,"href":"https:\/\/coachlab.hu\/de\/wp-json\/wp\/v2\/users\/3"}],"replies":[{"embeddable":true,"href":"https:\/\/coachlab.hu\/de\/wp-json\/wp\/v2\/comments?post=255481"}],"version-history":[{"count":6,"href":"https:\/\/coachlab.hu\/de\/wp-json\/wp\/v2\/pages\/255481\/revisions"}],"predecessor-version":[{"id":260366,"href":"https:\/\/coachlab.hu\/de\/wp-json\/wp\/v2\/pages\/255481\/revisions\/260366"}],"wp:attachment":[{"href":"https:\/\/coachlab.hu\/de\/wp-json\/wp\/v2\/media?parent=255481"}],"curies":[{"name":"wp","href":"https:\/\/api.w.org\/{rel}","templated":true}]}}