{"id":1936,"date":"2025-11-25T21:47:46","date_gmt":"2025-11-25T20:47:46","guid":{"rendered":"https:\/\/coachlab.hu\/?page_id=1936"},"modified":"2025-11-25T21:52:51","modified_gmt":"2025-11-25T20:52:51","slug":"pro-bono-coaching","status":"publish","type":"page","link":"https:\/\/coachlab.hu\/de\/pro-bono-coaching\/","title":{"rendered":"Pro Bono Coaching"},"content":{"rendered":"<div class=\"wp-block-group alignfull has-text-color has-background is-layout-flow wp-block-group-is-layout-flow\" style=\"color:#000000;background-color:#ffffff\">\n<div style=\"height:64px\" aria-hidden=\"true\" class=\"wp-block-spacer\"><\/div>\n\n\n\n<h2 class=\"wp-block-heading has-text-align-center has-vivid-cyan-blue-color has-text-color has-medium-font-size\"><strong>Melden Sie sich kostenlos f\u00fcr das CoachLab an, pro bono<em> Coaching<\/em> Gelegenheit!<\/strong><\/h2>\n\n\n\n<h2 class=\"wp-block-heading has-text-align-center has-luminous-vivid-orange-color has-text-color\" id=\"schedule-a-visit\" style=\"font-size:59px;line-height:1.15\"><strong><a href=\"https:\/\/coachlab.hu\/de\/pro-bono-coaching\/\">Pro Bono Coaching<\/a><\/strong><\/h2>\n\n\n\n<div class=\"wp-block-buttons is-horizontal is-content-justification-center is-layout-flex wp-container-core-buttons-is-layout-499968f5 wp-block-buttons-is-layout-flex\">\n<div class=\"wp-block-button has-custom-width wp-block-button__width-50\"><a class=\"wp-block-button__link has-vivid-green-cyan-background-color has-text-color has-background has-medium-font-size has-custom-font-size wp-element-button\" href=\"#kapcsolat\" style=\"border-radius:50px;color:#ffffff\">Vereinbaren Sie einen Termin<\/a><\/div>\n<\/div>\n\n\n\n<div style=\"height:64px\" aria-hidden=\"true\" class=\"wp-block-spacer\"><\/div>\n<\/div>\n\n\n\n<div class=\"wp-block-media-text alignwide has-media-on-the-right is-stacked-on-mobile is-vertically-aligned-center has-background\" style=\"background-color:#f1f5c7\"><div class=\"wp-block-media-text__content\">\n<div class=\"wp-block-group is-layout-flow wp-block-group-is-layout-flow\" style=\"padding-top:2em;padding-right:2em;padding-bottom:2em;padding-left:2em\">\n<p style=\"font-size:36px;line-height:1.2\"><strong>Sind Sie bisher gescheitert? Versuchen Sie einen anderen Weg!<\/strong><\/p>\n\n\n\n<h3 class=\"wp-block-heading\" style=\"font-size:23px\"><a href=\"https:\/\/coachlab.hu\/de\/\" target=\"_blank\" rel=\"noreferrer noopener\">CoachLab Coaching<\/a><\/h3>\n<\/div>\n<\/div><figure class=\"wp-block-media-text__media\"><img decoding=\"async\" src=\"https:\/\/s.w.org\/patterns\/files\/2021\/06\/pear-1-1024x1024.png\" alt=\"Karriere-CoachingCoachLab Karriere-Coaching\" class=\"wp-image-5263 size-full\"\/><\/figure><\/div>\n\n\n\n<div class=\"wp-block-media-text alignwide is-stacked-on-mobile is-vertically-aligned-center has-background\" style=\"background-color:#fffdea\"><figure class=\"wp-block-media-text__media\"><img decoding=\"async\" src=\"https:\/\/s.w.org\/patterns\/files\/2021\/06\/pear-half-1024x1024.png\" alt=\"Karriere-CoachingPro Bono Karriere-Coachingingyenes Karriere-CoachingCoachLabcoachlabcoachlab Karriere-CoachingCoachLab Karriere-Coaching\" class=\"wp-image-673 size-full\"\/><\/figure><div class=\"wp-block-media-text__content\">\n<div class=\"wp-block-group is-layout-flow wp-block-group-is-layout-flow\" style=\"padding-top:2em;padding-right:2em;padding-bottom:2em;padding-left:2em\">\n<p class=\"has-text-align-left\" style=\"font-size:34px;line-height:1.2\"><strong>Wir helfen Ihnen bei der Suche nach Ihrem<\/strong><\/p>\n\n\n\n<p class=\"has-text-align-center has-luminous-vivid-orange-color has-text-color\" style=\"font-size:34px;line-height:1.2\"><br> <strong>BENNED <\/strong><br><strong>DAS POTENZIAL VON<\/strong>! <\/p>\n<\/div>\n<\/div><\/div>\n\n\n\n<div style=\"height:50px\" aria-hidden=\"true\" class=\"wp-block-spacer\"><\/div>\n\n\n\n<h3 class=\"wp-block-heading has-large-font-size\">Was ist Pro-bono-Coaching?<\/h3>\n\n\n\n<p>Das <strong>Pro-bono-Coaching<\/strong> professionelle Unterst\u00fctzung, die von<strong> coach bietet Einzelpersonen oder Organisationen unentgeltlich, d. h. unverbindlich, seine Dienste an.<\/strong> <strong>Sie zielt darauf ab, Menschen, die sonst nicht die finanziellen Mittel dazu h\u00e4tten, die M\u00f6glichkeit zur Entwicklung, Selbsterfahrung oder zum Ausbau ihrer F\u00e4higkeiten zu geben<\/strong>. Beim Pro-bono-Coaching wird der Coach <strong>denselben professionellen Ansatz, dieselbe Methodik und dieselben ethischen Richtlinien anwenden wie f\u00fcr zahlende Kunden<\/strong>, Dadurch wird ein echter Mehrwert und eine qualitativ hochwertige Unterst\u00fctzung geboten, w\u00e4hrend gleichzeitig soziale Verantwortung \u00fcbernommen wird.<\/p>\n\n\n\n<div style=\"height:50px\" aria-hidden=\"true\" class=\"wp-block-spacer\"><\/div>\n\n\n\n<h2 class=\"wp-block-heading has-text-align-center has-luminous-vivid-orange-color has-text-color has-background has-large-font-size\" style=\"background-color:#f1f5c7;font-style:normal;font-weight:700\"><span><a style=\"font-weight: bold;\" href=\"#email\">Bewerben Sie sich f\u00fcr ein kostenloses Coaching:<\/a><\/span><\/h2>\n\n\n\n<div class=\"wp-block-kadence-countdown alignwide kb-countdown-container kb-countdown-container-1936_7e1866-18 kb-countdown-timer-layout-block kb-countdown-has-timer kb-countdown-enable-dividers kb-countdown-align-center\" data-id=\"1936_7e1866-18\">\n<div class=\"wp-block-kadence-countdown-timer kb-countdown-timer-1936_951993-e1 kb-countdown-timer\"><div class=\"kb-countdown-item kb-countdown-date-item\"><span class=\"kb-countdown-number\">\u00a0<\/span><span class=\"kb-countdown-label\">\u00a0<\/span><\/div><\/div>\n<\/div>\n\n\n\n<div style=\"height:75px\" aria-hidden=\"true\" class=\"wp-block-spacer\"><\/div>\n\n\n\n<div class=\"wp-block-buttons is-content-justification-center is-layout-flex wp-container-core-buttons-is-layout-16018d1d wp-block-buttons-is-layout-flex\">\n<div class=\"wp-block-button has-custom-width wp-block-button__width-50 is-style-fill\"><a class=\"wp-block-button__link has-vivid-green-cyan-background-color has-background has-medium-font-size has-text-align-center has-custom-font-size wp-element-button\" href=\"#email\">Bewerben bei<\/a><\/div>\n<\/div>\n\n\n\n<div style=\"height:150px\" aria-hidden=\"true\" class=\"wp-block-spacer\"><\/div>\n\n\n\n<h3 class=\"wp-block-heading has-text-align-left has-medium-font-size\"><strong><em>Informationen:<\/em><\/strong><br><br>(Wir haben unser Budget f\u00fcr dieses Jahr bereits ausgesch\u00f6pft, aber einige Coaches haben sich freiwillig bereit erkl\u00e4rt, so lange wie m\u00f6glich zu helfen. Wir danken ihnen f\u00fcr ihre Spende und hoffen, dass sie noch viele weitere Coaches unterst\u00fctzen k\u00f6nnen).<\/h3>\n\n\n\n<h2 class=\"wp-block-heading has-text-align-left\">Die kostenlose <a href=\"https:\/\/coachlab.hu\/de\/blog\/coaching-grundlagen\/\">Coaching<\/a> Beinhaltet 2\u00d750 Minuten Online-Einzelcoaching.<\/h2>\n\n\n\n<h3 class=\"wp-block-heading has-text-align-left has-medium-font-size\">Wir k\u00f6nnen nur eine begrenzte Anzahl von Bewerbungen annehmen! Wir werden versuchen, uns bei allen zur\u00fcckzumelden.<br><br>Das <a href=\"https:\/\/coachlab.hu\/de\/blog\/coaching-grundlagen\/\">Coaching<\/a> keine Ratschl\u00e4ge! <br><br>Unterst\u00fctzung bei der Entdeckung Ihres Potenzials! <br><br>Hoffentlich ist dies ein guter Zeitpunkt, dies zu tun, <br>um Ihnen zu helfen, Ihren Weg zu finden und diese Reise anzutreten.<br><br>Sie werden daf\u00fcr arbeiten m\u00fcssen, und es wird in erster Linie Ihr Erfolg sein, den Sie erreichen!<\/h3>\n\n\n\n<div style=\"height:100px\" aria-hidden=\"true\" class=\"wp-block-spacer\"><\/div>\n\n\n\n<div class=\"wp-block-buttons is-content-justification-center is-layout-flex wp-container-core-buttons-is-layout-16018d1d wp-block-buttons-is-layout-flex\">\n<div class=\"wp-block-button has-custom-width wp-block-button__width-50\"><a class=\"wp-block-button__link has-vivid-green-cyan-background-color has-background has-medium-font-size has-text-align-center has-custom-font-size wp-element-button\" href=\"https:\/\/coachlab.hu\/de\/#email\" target=\"_blank\" rel=\"noreferrer noopener\">F\u00fcr das Coaching anmelden und eine Nachricht senden<\/a><\/div>\n<\/div>\n\n\n\n<div style=\"height:200px\" aria-hidden=\"true\" class=\"wp-block-spacer\"><\/div>\n\n\n\n<h2 class=\"wp-block-heading\">Wenn Sie unsicher sind, erfahren Sie mehr \u00fcber Coaching:<\/h2>\n\n\n\n<div style=\"height:25px\" aria-hidden=\"true\" class=\"wp-block-spacer\"><\/div>\n\n\n\n<figure class=\"wp-block-embed aligncenter is-type-wp-embed is-provider-coachlab-coaching-szolg-ltat-sok-vezet-fejleszt-s-executive-coaching-tan-csad-s-coachlab-hu wp-block-embed-coachlab-coaching-szolg-ltat-sok-vezet-fejleszt-s-executive-coaching-tan-csad-s-coachlab-hu\"><div class=\"wp-block-embed__wrapper\">\n<blockquote class=\"wp-embedded-content\" data-secret=\"wLrpxRazSa\"><a href=\"https:\/\/coachlab.hu\/de\/blog\/coaching-grundlagen\/\">Grundlagen des Coachings<\/a><\/blockquote><iframe class=\"wp-embedded-content\" sandbox=\"allow-scripts\" security=\"restricted\" style=\"position: absolute; visibility: hidden;\" title=\"&quot;Grundlagen des Coachings&quot; - CoachLab Coaching Services | F\u00fchrungskr\u00e4fteentwicklung | Executive Coaching | Beratung | CoachLab.hu\" src=\"https:\/\/coachlab.hu\/blog\/coaching-alapjai\/embed\/#?secret=QFMKwi5StN#?secret=wLrpxRazSa\" data-secret=\"wLrpxRazSa\" width=\"600\" height=\"338\" frameborder=\"0\" marginwidth=\"0\" marginheight=\"0\" scrolling=\"no\"><\/iframe>\n<\/div><\/figure>\n\n\n\n<div style=\"height:50px\" aria-hidden=\"true\" class=\"wp-block-spacer\"><\/div>\n\n\n\n<div class=\"wp-block-buttons is-content-justification-center is-layout-flex wp-container-core-buttons-is-layout-16018d1d wp-block-buttons-is-layout-flex\">\n<div class=\"wp-block-button has-custom-width wp-block-button__width-50\"><a class=\"wp-block-button__link has-vivid-green-cyan-background-color has-background has-medium-font-size has-text-align-center has-custom-font-size wp-element-button\" href=\"https:\/\/coachlab.hu\/de\/#email\" target=\"_blank\" rel=\"noreferrer noopener\">Registrieren Sie sich f\u00fcr kostenloses Coaching<\/a><\/div>\n<\/div>\n\n\n\n<div class=\"wp-block-buttons is-content-justification-center is-layout-flex wp-container-core-buttons-is-layout-16018d1d wp-block-buttons-is-layout-flex\"><\/div>\n\n\n\n<div style=\"height:25px\" aria-hidden=\"true\" class=\"wp-block-spacer\"><\/div>\n\n\n\n<div style=\"height:100px\" aria-hidden=\"true\" class=\"wp-block-spacer\"><\/div>\n\n\n\n<div style=\"height:100px\" aria-hidden=\"true\" class=\"wp-block-spacer\"><\/div>\n<span class=\"et_bloom_bottom_trigger\"><\/span>","protected":false},"excerpt":{"rendered":"<p>Jelentkezz a CoachLab ingyenes, u.n. pro bono Coaching lehet\u0151s\u00e9gre! Pro Bono Coaching Mi a pro bono coaching? A pro bono coaching olyan szakmai t\u00e1mogat\u00e1s, amelyet a coach ingyenesen vagyis k\u00f6telezetts\u00e9gmentesen, d\u00edjaz\u00e1s n\u00e9lk\u00fcl ny\u00fajt egy\u00e9neknek vagy szervezeteknek. C\u00e9lja, hogy olyanok is hozz\u00e1juthassanak a fejl\u0151d\u00e9s, \u00f6nismeret vagy k\u00e9szs\u00e9gfejleszt\u00e9s lehet\u0151s\u00e9g\u00e9hez, akiknek erre egy\u00e9bk\u00e9nt nem lenne anyagi keret\u00fck. A [&hellip;]<\/p>\n","protected":false},"author":1,"featured_media":257091,"parent":0,"menu_order":0,"comment_status":"closed","ping_status":"closed","template":"","meta":{"_et_pb_use_builder":"off","_et_pb_old_content":"<!-- wp:group {\"align\":\"full\",\"style\":{\"color\":{\"text\":\"#000000\",\"background\":\"#ffffff\"}}} -->\n<div class=\"wp-block-group alignfull has-text-color has-background\" style=\"color:#000000;background-color:#ffffff\"><!-- wp:spacer {\"height\":\"64px\"} -->\n<div style=\"height:64px\" aria-hidden=\"true\" class=\"wp-block-spacer\"><\/div>\n<!-- \/wp:spacer -->\n\n<!-- wp:paragraph {\"align\":\"center\",\"style\":{\"typography\":{\"lineHeight\":\".9\"}},\"textColor\":\"vivid-cyan-blue\",\"fontSize\":\"medium\"} -->\n<p class=\"has-text-align-center has-vivid-cyan-blue-color has-text-color has-medium-font-size\" style=\"line-height:.9\"><strong>Jelentkezz a CoachLab Okt\u00f3beri ingyenes <em>Karrier Coaching<\/em> lehet\u0151s\u00e9gre!<\/strong> <\/p>\n<!-- \/wp:paragraph -->\n\n<!-- wp:heading {\"textAlign\":\"center\",\"style\":{\"typography\":{\"fontSize\":59,\"lineHeight\":\"1.15\"}},\"textColor\":\"luminous-vivid-orange\"} -->\n<h2 class=\"wp-block-heading has-text-align-center has-luminous-vivid-orange-color has-text-color\" id=\"schedule-a-visit\" style=\"font-size:59px;line-height:1.15\"><strong><a href=\"https:\/\/coachlab.hu\/pro-bono-karrier-coaching\">Pro Bono Karrier Coaching<\/a><\/strong><\/h2>\n<!-- \/wp:heading -->\n\n<!-- wp:buttons {\"layout\":{\"type\":\"flex\",\"justifyContent\":\"center\",\"orientation\":\"horizontal\"}} -->\n<div class=\"wp-block-buttons\"><!-- wp:button {\"backgroundColor\":\"vivid-green-cyan\",\"width\":50,\"style\":{\"color\":{\"text\":\"#ffffff\"},\"border\":{\"radius\":\"50px\"}},\"fontSize\":\"medium\"} -->\n<div class=\"wp-block-button has-custom-width wp-block-button__width-50 has-custom-font-size has-medium-font-size\"><a class=\"wp-block-button__link has-vivid-green-cyan-background-color has-text-color has-background wp-element-button\" href=\"https:\/\/coachlab.hu\/#email\" style=\"border-radius:50px;color:#ffffff\" target=\"_blank\" rel=\"noreferrer noopener\">Egyeztess\u00fcnk id\u0151pontot<\/a><\/div>\n<!-- \/wp:button --><\/div>\n<!-- \/wp:buttons -->\n\n<!-- wp:spacer {\"height\":\"64px\"} -->\n<div style=\"height:64px\" aria-hidden=\"true\" class=\"wp-block-spacer\"><\/div>\n<!-- \/wp:spacer --><\/div>\n<!-- \/wp:group -->\n\n<!-- wp:media-text {\"align\":\"wide\",\"mediaPosition\":\"right\",\"mediaId\":5263,\"mediaLink\":\"https:\/\/wordpress.org\/patterns\/pattern\/image-and-quote-on-a-background\/pear-3\/\",\"mediaType\":\"image\",\"verticalAlignment\":\"center\",\"style\":{\"color\":{\"background\":\"#f1f5c7\"}}} -->\n<div class=\"wp-block-media-text alignwide has-media-on-the-right is-stacked-on-mobile is-vertically-aligned-center has-background\" style=\"background-color:#f1f5c7\"><div class=\"wp-block-media-text__content\"><!-- wp:group {\"style\":{\"spacing\":{\"padding\":{\"top\":\"2em\",\"right\":\"2em\",\"bottom\":\"2em\",\"left\":\"2em\"}}}} -->\n<div class=\"wp-block-group\" style=\"padding-top:2em;padding-right:2em;padding-bottom:2em;padding-left:2em\"><!-- wp:paragraph {\"style\":{\"typography\":{\"lineHeight\":\"1.2\",\"fontSize\":\"36px\"}}} -->\n<p style=\"font-size:36px;line-height:1.2\"><strong>Eddig nem siker\u00fclt? Pr\u00f3b\u00e1ld m\u00e1shogy!<\/strong><\/p>\n<!-- \/wp:paragraph -->\n\n<!-- wp:heading {\"level\":3,\"style\":{\"typography\":{\"fontSize\":\"23px\"}}} -->\n<h3 class=\"wp-block-heading\" style=\"font-size:23px\"><a href=\"https:\/\/coachlab.hu\" target=\"_blank\" rel=\"noreferrer noopener\">CoachLab Karrier Coaching<\/a><\/h3>\n<!-- \/wp:heading --><\/div>\n<!-- \/wp:group --><\/div><figure class=\"wp-block-media-text__media\"><img src=\"https:\/\/s.w.org\/patterns\/files\/2021\/06\/pear-1-1024x1024.png\" alt=\"Karrier Coaching\nCoachLab Karrier Coaching\" class=\"wp-image-5263 size-full\"\/><\/figure><\/div>\n<!-- \/wp:media-text -->\n\n<!-- wp:media-text {\"align\":\"wide\",\"mediaId\":673,\"mediaLink\":\"https:\/\/wordpress.org\/patterns\/pear-half\/\",\"mediaType\":\"image\",\"verticalAlignment\":\"center\",\"imageFill\":false,\"style\":{\"color\":{\"background\":\"#fffdea\"}}} -->\n<div class=\"wp-block-media-text alignwide is-stacked-on-mobile is-vertically-aligned-center has-background\" style=\"background-color:#fffdea\"><figure class=\"wp-block-media-text__media\"><img src=\"https:\/\/s.w.org\/patterns\/files\/2021\/06\/pear-half-1024x1024.png\" alt=\"Karrier Coaching\nPro Bono karrier coaching\ningyenes karrier coaching\nCoachLab\ncoachlab\ncoachlab karrier coaching\nCoachLab karrier coaching\n\" class=\"wp-image-673 size-full\"\/><\/figure><div class=\"wp-block-media-text__content\"><!-- wp:group {\"style\":{\"spacing\":{\"padding\":{\"top\":\"2em\",\"right\":\"2em\",\"bottom\":\"2em\",\"left\":\"2em\"}}}} -->\n<div class=\"wp-block-group\" style=\"padding-top:2em;padding-right:2em;padding-bottom:2em;padding-left:2em\"><!-- wp:paragraph {\"align\":\"left\",\"style\":{\"typography\":{\"lineHeight\":\"1.2\",\"fontSize\":\"34px\"}}} -->\n<p class=\"has-text-align-left\" style=\"font-size:34px;line-height:1.2\"><strong>Hozz\u00e1seg\u00edt\u00fcnk, hogy megtal\u00e1ld a<\/strong><\/p>\n<!-- \/wp:paragraph -->\n\n<!-- wp:paragraph {\"align\":\"center\",\"style\":{\"typography\":{\"lineHeight\":\"1.2\",\"fontSize\":\"34px\"}},\"textColor\":\"luminous-vivid-orange\"} -->\n<p class=\"has-text-align-center has-luminous-vivid-orange-color has-text-color\" style=\"font-size:34px;line-height:1.2\"><br> <strong>BENNED <\/strong><br><strong>REJL\u0150 LEHET\u0150S\u00c9GET<\/strong>! <\/p>\n<!-- \/wp:paragraph --><\/div>\n<!-- \/wp:group --><\/div><\/div>\n<!-- \/wp:media-text -->\n\n<!-- wp:heading {\"textAlign\":\"center\",\"style\":{\"color\":{\"background\":\"#f1f5c7\"},\"typography\":{\"fontStyle\":\"normal\",\"fontWeight\":\"700\"}},\"textColor\":\"luminous-vivid-orange\",\"fontSize\":\"large\"} -->\n<h2 class=\"wp-block-heading has-text-align-center has-luminous-vivid-orange-color has-text-color has-background has-large-font-size\" style=\"background-color:#f1f5c7;font-style:normal;font-weight:700\"><strong><a href=\"#email\">Ingyenes Karrier Coaching<\/a><\/strong><\/h2>\n<!-- \/wp:heading -->\n\n<!-- wp:kadence\/countdown {\"uniqueID\":\"1936_7e1866-18\",\"date\":\"2023-10-31T23:59:00\",\"timestamp\":1698793140000,\"timeOffset\":2,\"units\":[{\"days\":true,\"hours\":true,\"minutes\":true,\"seconds\":true}],\"countdownDivider\":true,\"preLabel\":\"Hat\u00e1rid\u0151 a jelentkez\u00e9s lez\u00e1r\u00e1s\u00e1ig\",\"daysLabel\":\"Nap\",\"hoursLabel\":\"\u00d3ra\",\"minutesLabel\":\"Perc\",\"secondsLabel\":\"Mp.\",\"numberColor\":\"#ff6900\",\"numberFont\":[{\"size\":[\"xl\",\"\",\"\"],\"sizeType\":\"px\",\"lineHeight\":[\"\",\"\",\"\"],\"lineType\":\"px\",\"letterSpacing\":[\"\",\"\",\"\"],\"letterType\":\"px\",\"textTransform\":\"\",\"family\":\"\",\"google\":false,\"style\":\"\",\"weight\":\"\",\"variant\":\"\",\"subset\":\"\",\"loadGoogle\":true}],\"labelFont\":[{\"size\":[\"sm\",\"\",\"\"],\"sizeType\":\"px\",\"lineHeight\":[\"\",\"\",\"\"],\"lineType\":\"px\",\"letterSpacing\":[\"\",\"\",\"\"],\"letterType\":\"px\",\"textTransform\":\"\",\"family\":\"\",\"google\":false,\"style\":\"\",\"weight\":\"\",\"variant\":\"\",\"subset\":\"\",\"loadGoogle\":true}],\"preLabelFont\":[{\"size\":[\"lg\",\"\",\"\"],\"sizeType\":\"px\",\"lineHeight\":[4,\"\",\"\"],\"lineType\":\"rem\",\"letterSpacing\":[1.5,\"\",\"\"],\"letterType\":\"px\",\"textTransform\":\"\",\"family\":\"\",\"google\":false,\"style\":\"\",\"weight\":\"bold\",\"variant\":\"\",\"subset\":\"\",\"loadGoogle\":true}],\"counterAlign\":[\"center\",\"\",\"\"],\"borderWidth\":[\"\",0,\"\",0],\"borderRadius\":[0,0,0,0],\"background\":\"#f1f5c7\",\"containerPadding\":[\"\",\"\",\"\",\"\"],\"containerMargin\":[\"\",\"\",\"\",\"\"],\"align\":\"wide\"} -->\n<div class=\"wp-block-kadence-countdown alignwide kb-countdown-container kb-countdown-container-1936_7e1866-18 kb-countdown-timer-layout-block kb-countdown-has-timer kb-countdown-enable-dividers kb-countdown-align-center\" data-id=\"1936_7e1866-18\"><!-- wp:kadence\/countdown-timer {\"uniqueID\":\"1936_951993-e1\"} -->\n<div class=\"wp-block-kadence-countdown-timer kb-countdown-timer-1936_951993-e1 kb-countdown-timer\"><div class=\"kb-countdown-item kb-countdown-date-item\"><span class=\"kb-countdown-number\">\u00a0<\/span><span class=\"kb-countdown-label\">\u00a0<\/span><\/div><\/div>\n<!-- \/wp:kadence\/countdown-timer --><\/div>\n<!-- \/wp:kadence\/countdown -->\n\n<!-- wp:spacer {\"height\":\"75px\"} -->\n<div style=\"height:75px\" aria-hidden=\"true\" class=\"wp-block-spacer\"><\/div>\n<!-- \/wp:spacer -->\n\n<!-- wp:buttons {\"layout\":{\"type\":\"flex\",\"justifyContent\":\"center\"}} -->\n<div class=\"wp-block-buttons\"><!-- wp:button {\"textAlign\":\"center\",\"backgroundColor\":\"vivid-green-cyan\",\"width\":50,\"className\":\"is-style-fill\",\"fontSize\":\"medium\"} -->\n<div class=\"wp-block-button has-custom-width wp-block-button__width-50 has-custom-font-size is-style-fill has-medium-font-size\"><a class=\"wp-block-button__link has-vivid-green-cyan-background-color has-background has-text-align-center wp-element-button\" href=\"https:\/\/coachlab.hu\/#email\" target=\"_blank\" rel=\"noreferrer noopener\">Jelentkez\u00e9s<\/a><\/div>\n<!-- \/wp:button --><\/div>\n<!-- \/wp:buttons -->\n\n<!-- wp:spacer {\"height\":\"150px\"} -->\n<div style=\"height:150px\" aria-hidden=\"true\" class=\"wp-block-spacer\"><\/div>\n<!-- \/wp:spacer -->\n\n<!-- wp:heading {\"textAlign\":\"left\",\"level\":3,\"fontSize\":\"medium\"} -->\n<h3 class=\"wp-block-heading has-text-align-left has-medium-font-size\"><strong><em>Inform\u00e1ci\u00f3k:<\/em><\/strong><br><br>Az ingyenes <a href=\"https:\/\/coachlab.hu\/blog\/coaching-alapjai\">Karrier Coaching<\/a> 1x60 perc online egy\u00e9ni coaching alkalmat foglal mag\u00e1ban.<\/h3>\n<!-- \/wp:heading -->\n\n<!-- wp:heading {\"textAlign\":\"left\",\"level\":3,\"fontSize\":\"medium\"} -->\n<h3 class=\"wp-block-heading has-text-align-left has-medium-font-size\">Limit\u00e1lt sz\u00e1m\u00fa jelentkez\u00e9st tudunk elfogadni! Igyeksz\u00fcnk mindenkinek visszajelezni.<br><br>A <a href=\"https:\/\/coachlab.hu\/blog\/coaching-alapjai\">Coaching<\/a> nem tan\u00e1csad\u00e1s! <br><br>T\u00e1mogat\u00e1s, hogy felfedezd a saj\u00e1t magadban rejl\u0151 potenci\u00e1lt! <br><br>Ez az id\u0151 rem\u00e9lhet\u0151leg alkalmas arra, <br>hogy seg\u00edts\u00fcnk abban, hogy megtal\u00e1ld az utadat \u00e9s elindulj ezen az \u00faton.<br><br>Megdolgoznod neked kell \u00e9rte \u00e9s els\u0151sorban a te sikered lesz amit el\u00e9rsz!<\/h3>\n<!-- \/wp:heading -->\n\n<!-- wp:spacer -->\n<div style=\"height:100px\" aria-hidden=\"true\" class=\"wp-block-spacer\"><\/div>\n<!-- \/wp:spacer -->\n\n<!-- wp:buttons {\"layout\":{\"type\":\"flex\",\"justifyContent\":\"center\"}} -->\n<div class=\"wp-block-buttons\"><!-- wp:button {\"textAlign\":\"center\",\"backgroundColor\":\"vivid-green-cyan\",\"width\":50,\"fontSize\":\"medium\"} -->\n<div class=\"wp-block-button has-custom-width wp-block-button__width-50 has-custom-font-size has-medium-font-size\"><a class=\"wp-block-button__link has-vivid-green-cyan-background-color has-background has-text-align-center wp-element-button\" href=\"https:\/\/coachlab.hu\/#email\" target=\"_blank\" rel=\"noreferrer noopener\">Jelentkez\u00e9s a coachingra \u00e9s \u00fczenetk\u00fcld\u00e9s<\/a><\/div>\n<!-- \/wp:button --><\/div>\n<!-- \/wp:buttons -->\n\n<!-- wp:spacer {\"height\":\"200px\"} -->\n<div style=\"height:200px\" aria-hidden=\"true\" class=\"wp-block-spacer\"><\/div>\n<!-- \/wp:spacer -->\n\n<!-- wp:heading -->\n<h2 class=\"wp-block-heading\">Ha bizonytalan vagy, tudj meg t\u00f6bbet a Coachingr\u00f3l:<\/h2>\n<!-- \/wp:heading -->\n\n<!-- wp:spacer {\"height\":\"25px\"} -->\n<div style=\"height:25px\" aria-hidden=\"true\" class=\"wp-block-spacer\"><\/div>\n<!-- \/wp:spacer -->\n\n<!-- wp:embed {\"url\":\"https:\/\/coachlab.hu\/blog\/coaching-alapjai\",\"type\":\"wp-embed\",\"providerNameSlug\":\"coachlab-uzleti-es-executive-coaching-tapasztalt-top-vezetovel\",\"align\":\"center\"} -->\n<figure class=\"wp-block-embed aligncenter is-type-wp-embed is-provider-coachlab-uzleti-es-executive-coaching-tapasztalt-top-vezetovel wp-block-embed-coachlab-uzleti-es-executive-coaching-tapasztalt-top-vezetovel\"><div class=\"wp-block-embed__wrapper\">\nhttps:\/\/coachlab.hu\/blog\/coaching-alapjai\n<\/div><\/figure>\n<!-- \/wp:embed -->\n\n<!-- wp:spacer {\"height\":\"50px\"} -->\n<div style=\"height:50px\" aria-hidden=\"true\" class=\"wp-block-spacer\"><\/div>\n<!-- \/wp:spacer -->\n\n<!-- wp:buttons {\"layout\":{\"type\":\"flex\",\"justifyContent\":\"center\"}} -->\n<div class=\"wp-block-buttons\"><!-- wp:button {\"textAlign\":\"center\",\"backgroundColor\":\"vivid-green-cyan\",\"width\":50,\"fontSize\":\"medium\"} -->\n<div class=\"wp-block-button has-custom-width wp-block-button__width-50 has-custom-font-size has-medium-font-size\"><a class=\"wp-block-button__link has-vivid-green-cyan-background-color has-background has-text-align-center wp-element-button\" href=\"https:\/\/coachlab.hu\/#email\" target=\"_blank\" rel=\"noreferrer noopener\">Jelentkez\u00e9s az ingyenes Karrier Coachingra<\/a><\/div>\n<!-- \/wp:button --><\/div>\n<!-- \/wp:buttons -->\n\n<!-- wp:buttons {\"layout\":{\"type\":\"flex\",\"justifyContent\":\"center\"}} -->\n<div class=\"wp-block-buttons\"><!-- wp:button \/--><\/div>\n<!-- \/wp:buttons -->\n\n<!-- wp:spacer {\"height\":\"25px\"} -->\n<div style=\"height:25px\" aria-hidden=\"true\" class=\"wp-block-spacer\"><\/div>\n<!-- \/wp:spacer -->\n\n<!-- wp:spacer -->\n<div style=\"height:100px\" aria-hidden=\"true\" class=\"wp-block-spacer\"><\/div>\n<!-- \/wp:spacer -->\n\n<!-- wp:spacer -->\n<div style=\"height:100px\" aria-hidden=\"true\" class=\"wp-block-spacer\"><\/div>\n<!-- \/wp:spacer -->","_et_gb_content_width":"1080","footnotes":""},"class_list":["post-1936","page","type-page","status-publish","has-post-thumbnail","hentry"],"_links":{"self":[{"href":"https:\/\/coachlab.hu\/de\/wp-json\/wp\/v2\/pages\/1936","targetHints":{"allow":["GET"]}}],"collection":[{"href":"https:\/\/coachlab.hu\/de\/wp-json\/wp\/v2\/pages"}],"about":[{"href":"https:\/\/coachlab.hu\/de\/wp-json\/wp\/v2\/types\/page"}],"author":[{"embeddable":true,"href":"https:\/\/coachlab.hu\/de\/wp-json\/wp\/v2\/users\/1"}],"replies":[{"embeddable":true,"href":"https:\/\/coachlab.hu\/de\/wp-json\/wp\/v2\/comments?post=1936"}],"version-history":[{"count":4,"href":"https:\/\/coachlab.hu\/de\/wp-json\/wp\/v2\/pages\/1936\/revisions"}],"predecessor-version":[{"id":261571,"href":"https:\/\/coachlab.hu\/de\/wp-json\/wp\/v2\/pages\/1936\/revisions\/261571"}],"wp:featuredmedia":[{"embeddable":true,"href":"https:\/\/coachlab.hu\/de\/wp-json\/wp\/v2\/media\/257091"}],"wp:attachment":[{"href":"https:\/\/coachlab.hu\/de\/wp-json\/wp\/v2\/media?parent=1936"}],"curies":[{"name":"wp","href":"https:\/\/api.w.org\/{rel}","templated":true}]}}